{"id":16506,"date":"2021-09-11T19:41:54","date_gmt":"2021-09-11T18:41:54","guid":{"rendered":"https:\/\/www.carlosyconchita.net\/rutas\/?page_id=16506"},"modified":"2025-10-22T20:31:29","modified_gmt":"2025-10-22T19:31:29","slug":"bornas-es-fr-enlaces","status":"publish","type":"page","link":"https:\/\/www.carlosyconchita.net\/rutas\/bornas-es-fr-enlaces\/","title":{"rendered":"Bornas ES-FR Enlaces"},"content":{"rendered":"<h3 style=\"text-align: left;\"><strong><span style=\"color: #008000;\">Enlaces interesantes sobre las bornas-mojones :<\/span><\/strong><\/h3>\n<p>&nbsp;<\/p>\n<h3><strong><span style=\"color: #0000ff;\"><a style=\"color: #0000ff;\" href=\"http:\/\/www.grpdesbf.nl\/index.html\" target=\"_blank\" rel=\"noopener noreferrer\">The bordermarkers of the Pyrenees :<\/a><\/span><\/strong><span style=\"color: #0000ff;\"><br \/>\n<\/span><\/h3>\n<p><img loading=\"lazy\" decoding=\"async\" class=\"aligncenter wp-image-13160 size-column2-2\/3\" src=\"https:\/\/www.carlosyconchita.net\/rutas\/wp-content\/uploads\/2017\/11\/eef-570x380.jpg\" alt=\"\" width=\"570\" height=\"380\" srcset=\"https:\/\/www.carlosyconchita.net\/rutas\/wp-content\/uploads\/2017\/11\/eef-570x380.jpg 570w, https:\/\/www.carlosyconchita.net\/rutas\/wp-content\/uploads\/2017\/11\/eef-272x182.jpg 272w, https:\/\/www.carlosyconchita.net\/rutas\/wp-content\/uploads\/2017\/11\/eef-380x254.jpg 380w, https:\/\/www.carlosyconchita.net\/rutas\/wp-content\/uploads\/2017\/11\/eef-285x190.jpg 285w\" sizes=\"auto, (max-width: 570px) 100vw, 570px\" \/><\/p>\n<p>&nbsp;<\/p>\n<p style=\"text-align: justify;\"><span style=\"color: #000000;\">Un holand\u00e9s, Eef Berns que lleva desde 2000 recorriendo los Pirineos desde el Mediterr\u00e1neo hasta el Atl\u00e1ntico, localizando y fotografiando las bornas, numeradas desde la n\u00famero 1 (Pa\u00eds Vasco), hasta la 602 en el Mediterr\u00e1neo, aunque en realidad hay unas <\/span><span style=\"color: #000000;\"> 720, ya que algunas est\u00e1n duplicadas (una en el lado espa\u00f1ol de la frontera y otra con el mismo n\u00famero en el lado franc\u00e9s, y algunas tienen \u00bb sub-n\u00fameros\u00bb, como las 574 y 574bis, las 501-I, 501-II, etc )<\/span><\/p>\n<p style=\"text-align: justify;\"><span style=\"color: #000000;\">Las ha localizado practicamente todas, a excepci\u00f3n de unas 10-12 que de acuerdo a sus investigaciones y a las de otras personas, se consideran \u00abperdidas\u00bb o destruidas.<br \/>\nAdem\u00e1s est\u00e1 \u00abhaciendo\u00bb una especie de GR, para recorrerlas todas y su idea es pasar por todas ellas al menos 2 veces&#8230;<\/span><\/p>\n<p>En Ll\u00edvia hay una numerac\u00ed\u00f3n distinta, que va del n\u00famero 1 al 45, pero hay bastantes m\u00e1s, ya que hay tambien algunas duplicadas o con \u00absub-n\u00fameros\u00bb.<\/p>\n<p>En varias ocasiones, aprovechando alguno de sus viajes al Pirineo, nos ha acompa\u00f1ado y ayudado para localizar algunas bornas.<\/p>\n<hr \/>\n<h3><strong><span style=\"color: #0000ff;\">Pierre Gallart<\/span><\/strong><\/h3>\n<p style=\"text-align: justify;\">Pierre , a quien conocimos cuando sub\u00edamos al Coll de Petrachema\u00a0 , (\u00a0<strong><span style=\"color: #0000ff;\">\u00a0<a href=\"https:\/\/www.carlosyconchita.net\/rutas\/24-07-2024-bornas-273-y-274\/\" target=\"_blank\" rel=\"noopener\">24-07-2024-Bornas 273 y 274<\/a><\/span> <\/strong>), ha recorrido toda la cresta de los Pirineos desde Hendaya a Cerb\u00e8re, localizando la mayor parte de las bornas fronterizas de un tir\u00f3n,\u00a0 en 74 d\u00edas, recorriendo 1.375 kms.<\/p>\n<p style=\"text-align: justify;\">Est\u00e1 localizando ahora las que le quedaron pendientes, ya que para no desviarse demasiado de la cresta , s\u00f3lo buscaba las bornas que estuvieran a menos de 500 m. para seguir lo maximo posible la linea de la frontera.<\/p>\n<p>Nos ha acompa\u00f1ado y ayudado en varias de nuestras rutas.<\/p>\n<p>Ver los datos de esta enorme aventura en su web :\u00a0 \u00a0 <strong>\u00a0 <a href=\"https:\/\/www.pier-mineral.com\/pyrenees-par-les-bornes\" target=\"_blank\" rel=\"noopener\"><span style=\"color: #0000ff;\">https:\/\/www.pier-mineral.com<\/span><\/a><\/strong><\/p>\n<p>&nbsp;<\/p>\n<hr \/>\n<h3><strong><span style=\"color: #0000ff;\"><a style=\"color: #0000ff;\" href=\"http:\/\/www.alaingillodes.fr\/Bornes_frontieres_france_espagne\/BF_france_Espagne.htm\" target=\"_blank\" rel=\"noopener noreferrer\">Bornes et croix fronti\u00e8res france-espagne<\/a><\/span><\/strong><\/h3>\n<p><span style=\"font-size: medium; color: #000000;\"> Alain Gillodes tiene tambi\u00e9n fotografiadas las mayoria de estas bornas o mojones.<\/span><\/p>\n<hr \/>\n<h3><a href=\"http:\/\/www.mojonesdelospirineos.com\/index.php\" target=\"_blank\" rel=\"noopener noreferrer\"><strong><span style=\"color: #0000ff;\">Mojones de los Pirineos<\/span><\/strong><\/a><\/h3>\n<p><span style=\"color: #000000;\">P\u00e1gina con los mojones de la provincia de Girona.<\/span><\/p>\n<hr \/>\n<h3><a href=\"http:\/\/www.mojonesdelospirineos.com\/documentacion.php\" target=\"_blank\" rel=\"noopener noreferrer\"><strong><span style=\"color: #0000ff;\">Documentaci\u00f3n relacionada con la frontera ES-FR<\/span><\/strong><\/a><\/h3>\n<p><span style=\"color: #000000;\">P\u00e1gina con numerosos documentos sobre el tema<\/span><\/p>\n<hr \/>\n<h3><strong><span style=\"color: #0000ff;\"><a style=\"color: #0000ff;\" href=\"http:\/\/www.ub.edu\/gehc\/pdf\/Deslinde.pdf\" target=\"_blank\" rel=\"noopener noreferrer\">Enlace al libro \u00abHistoria del deslinde de la frontera hispano-francesa\u00bb.<\/a><\/span><span style=\"color: #0000ff;\"><br \/>\n<\/span><\/strong><\/h3>\n<p><span style=\"color: #000000;\">Libro escrito por Joan Capdevila i Subirana : <\/span><\/p>\n<p><span style=\"color: #000000;\"><strong>\u00abHistoria del deslinde de la frontera hispano-francesa.\u00bb<\/strong><\/span><br \/>\n<span style=\"color: #000000;\"> Del tratado de los Pirineos (1659) a los tratados de Bayona (1856-1868).<\/span><\/p>\n<p><span style=\"color: #000000;\">Madrid: Instituto Geogr\u00e1fico Nacional &#8211; Centro Nacional de Informaci\u00f3n Geogr\u00e1fica.\u00bb<\/span><\/p>\n<hr \/>\n<h2 style=\"text-align: center;\"><\/h2>\n","protected":false},"excerpt":{"rendered":"<p>Enlaces interesantes sobre las bornas-mojones : &nbsp; The bordermarkers of the Pyrenees : &nbsp; Un holand\u00e9s, Eef Berns que lleva desde 2000 recorriendo los Pirineos desde el Mediterr\u00e1neo hasta el Atl\u00e1ntico, localizando y fotografiando las bornas, numeradas desde la n\u00famero 1 (Pa\u00eds Vasco), hasta la 602 en el Mediterr\u00e1neo, aunque en realidad hay unas 720, [&hellip;]<\/p>\n","protected":false},"author":50,"featured_media":0,"parent":0,"menu_order":0,"comment_status":"closed","ping_status":"closed","template":"templates\/template-full.php","meta":{"footnotes":""},"class_list":["post-16506","page","type-page","status-publish","hentry","post"],"yoast_head":"<!-- This site is optimized with the Yoast SEO plugin v27.4 - https:\/\/yoast.com\/product\/yoast-seo-wordpress\/ -->\n<title>Bornas ES-FR Enlaces - Las rutas de Carlos y Conchita<\/title>\n<meta name=\"robots\" content=\"index, follow, max-snippet:-1, max-image-preview:large, max-video-preview:-1\" \/>\n<link rel=\"canonical\" href=\"https:\/\/www.carlosyconchita.net\/rutas\/bornas-es-fr-enlaces\/\" \/>\n<meta property=\"og:locale\" content=\"es_ES\" \/>\n<meta property=\"og:type\" content=\"article\" \/>\n<meta property=\"og:title\" content=\"Bornas ES-FR Enlaces - Las rutas de Carlos y Conchita\" \/>\n<meta property=\"og:description\" content=\"Enlaces interesantes sobre las bornas-mojones : &nbsp; The bordermarkers of the Pyrenees : &nbsp; Un holand\u00e9s, Eef Berns que lleva desde 2000 recorriendo los Pirineos desde el Mediterr\u00e1neo hasta el Atl\u00e1ntico, localizando y fotografiando las bornas, numeradas desde la n\u00famero 1 (Pa\u00eds Vasco), hasta la 602 en el Mediterr\u00e1neo, aunque en realidad hay unas 720, [&hellip;]\" \/>\n<meta property=\"og:url\" content=\"https:\/\/www.carlosyconchita.net\/rutas\/bornas-es-fr-enlaces\/\" \/>\n<meta property=\"og:site_name\" content=\"Las rutas de Carlos y Conchita\" \/>\n<meta property=\"article:modified_time\" content=\"2025-10-22T19:31:29+00:00\" \/>\n<meta property=\"og:image\" content=\"https:\/\/www.carlosyconchita.net\/rutas\/wp-content\/uploads\/2017\/11\/eef.jpg\" \/>\n\t<meta property=\"og:image:width\" content=\"937\" \/>\n\t<meta property=\"og:image:height\" content=\"649\" \/>\n\t<meta property=\"og:image:type\" content=\"image\/jpeg\" \/>\n<meta name=\"twitter:label1\" content=\"Tiempo de lectura\" \/>\n\t<meta name=\"twitter:data1\" content=\"2 minutos\" \/>\n<script type=\"application\/ld+json\" class=\"yoast-schema-graph\">{\"@context\":\"https:\\\/\\\/schema.org\",\"@graph\":[{\"@type\":\"WebPage\",\"@id\":\"https:\\\/\\\/www.carlosyconchita.net\\\/rutas\\\/bornas-es-fr-enlaces\\\/\",\"url\":\"https:\\\/\\\/www.carlosyconchita.net\\\/rutas\\\/bornas-es-fr-enlaces\\\/\",\"name\":\"Bornas ES-FR Enlaces - Las rutas de Carlos y Conchita\",\"isPartOf\":{\"@id\":\"https:\\\/\\\/www.carlosyconchita.net\\\/rutas\\\/#website\"},\"primaryImageOfPage\":{\"@id\":\"https:\\\/\\\/www.carlosyconchita.net\\\/rutas\\\/bornas-es-fr-enlaces\\\/#primaryimage\"},\"image\":{\"@id\":\"https:\\\/\\\/www.carlosyconchita.net\\\/rutas\\\/bornas-es-fr-enlaces\\\/#primaryimage\"},\"thumbnailUrl\":\"https:\\\/\\\/www.carlosyconchita.net\\\/rutas\\\/wp-content\\\/uploads\\\/2017\\\/11\\\/eef-570x380.jpg\",\"datePublished\":\"2021-09-11T18:41:54+00:00\",\"dateModified\":\"2025-10-22T19:31:29+00:00\",\"breadcrumb\":{\"@id\":\"https:\\\/\\\/www.carlosyconchita.net\\\/rutas\\\/bornas-es-fr-enlaces\\\/#breadcrumb\"},\"inLanguage\":\"es\",\"potentialAction\":[{\"@type\":\"ReadAction\",\"target\":[\"https:\\\/\\\/www.carlosyconchita.net\\\/rutas\\\/bornas-es-fr-enlaces\\\/\"]}]},{\"@type\":\"ImageObject\",\"inLanguage\":\"es\",\"@id\":\"https:\\\/\\\/www.carlosyconchita.net\\\/rutas\\\/bornas-es-fr-enlaces\\\/#primaryimage\",\"url\":\"https:\\\/\\\/www.carlosyconchita.net\\\/rutas\\\/wp-content\\\/uploads\\\/2017\\\/11\\\/eef.jpg\",\"contentUrl\":\"https:\\\/\\\/www.carlosyconchita.net\\\/rutas\\\/wp-content\\\/uploads\\\/2017\\\/11\\\/eef.jpg\",\"width\":937,\"height\":649},{\"@type\":\"BreadcrumbList\",\"@id\":\"https:\\\/\\\/www.carlosyconchita.net\\\/rutas\\\/bornas-es-fr-enlaces\\\/#breadcrumb\",\"itemListElement\":[{\"@type\":\"ListItem\",\"position\":1,\"name\":\"Portada\",\"item\":\"https:\\\/\\\/www.carlosyconchita.net\\\/rutas\\\/\"},{\"@type\":\"ListItem\",\"position\":2,\"name\":\"Bornas ES-FR Enlaces\"}]},{\"@type\":\"WebSite\",\"@id\":\"https:\\\/\\\/www.carlosyconchita.net\\\/rutas\\\/#website\",\"url\":\"https:\\\/\\\/www.carlosyconchita.net\\\/rutas\\\/\",\"name\":\"Las rutas de Carlos y Conchita\",\"description\":\"\",\"potentialAction\":[{\"@type\":\"SearchAction\",\"target\":{\"@type\":\"EntryPoint\",\"urlTemplate\":\"https:\\\/\\\/www.carlosyconchita.net\\\/rutas\\\/?s={search_term_string}\"},\"query-input\":{\"@type\":\"PropertyValueSpecification\",\"valueRequired\":true,\"valueName\":\"search_term_string\"}}],\"inLanguage\":\"es\"}]}<\/script>\n<!-- \/ Yoast SEO plugin. -->","yoast_head_json":{"title":"Bornas ES-FR Enlaces - Las rutas de Carlos y Conchita","robots":{"index":"index","follow":"follow","max-snippet":"max-snippet:-1","max-image-preview":"max-image-preview:large","max-video-preview":"max-video-preview:-1"},"canonical":"https:\/\/www.carlosyconchita.net\/rutas\/bornas-es-fr-enlaces\/","og_locale":"es_ES","og_type":"article","og_title":"Bornas ES-FR Enlaces - Las rutas de Carlos y Conchita","og_description":"Enlaces interesantes sobre las bornas-mojones : &nbsp; The bordermarkers of the Pyrenees : &nbsp; Un holand\u00e9s, Eef Berns que lleva desde 2000 recorriendo los Pirineos desde el Mediterr\u00e1neo hasta el Atl\u00e1ntico, localizando y fotografiando las bornas, numeradas desde la n\u00famero 1 (Pa\u00eds Vasco), hasta la 602 en el Mediterr\u00e1neo, aunque en realidad hay unas 720, [&hellip;]","og_url":"https:\/\/www.carlosyconchita.net\/rutas\/bornas-es-fr-enlaces\/","og_site_name":"Las rutas de Carlos y Conchita","article_modified_time":"2025-10-22T19:31:29+00:00","og_image":[{"width":937,"height":649,"url":"https:\/\/www.carlosyconchita.net\/rutas\/wp-content\/uploads\/2017\/11\/eef.jpg","type":"image\/jpeg"}],"twitter_misc":{"Tiempo de lectura":"2 minutos"},"schema":{"@context":"https:\/\/schema.org","@graph":[{"@type":"WebPage","@id":"https:\/\/www.carlosyconchita.net\/rutas\/bornas-es-fr-enlaces\/","url":"https:\/\/www.carlosyconchita.net\/rutas\/bornas-es-fr-enlaces\/","name":"Bornas ES-FR Enlaces - Las rutas de Carlos y Conchita","isPartOf":{"@id":"https:\/\/www.carlosyconchita.net\/rutas\/#website"},"primaryImageOfPage":{"@id":"https:\/\/www.carlosyconchita.net\/rutas\/bornas-es-fr-enlaces\/#primaryimage"},"image":{"@id":"https:\/\/www.carlosyconchita.net\/rutas\/bornas-es-fr-enlaces\/#primaryimage"},"thumbnailUrl":"https:\/\/www.carlosyconchita.net\/rutas\/wp-content\/uploads\/2017\/11\/eef-570x380.jpg","datePublished":"2021-09-11T18:41:54+00:00","dateModified":"2025-10-22T19:31:29+00:00","breadcrumb":{"@id":"https:\/\/www.carlosyconchita.net\/rutas\/bornas-es-fr-enlaces\/#breadcrumb"},"inLanguage":"es","potentialAction":[{"@type":"ReadAction","target":["https:\/\/www.carlosyconchita.net\/rutas\/bornas-es-fr-enlaces\/"]}]},{"@type":"ImageObject","inLanguage":"es","@id":"https:\/\/www.carlosyconchita.net\/rutas\/bornas-es-fr-enlaces\/#primaryimage","url":"https:\/\/www.carlosyconchita.net\/rutas\/wp-content\/uploads\/2017\/11\/eef.jpg","contentUrl":"https:\/\/www.carlosyconchita.net\/rutas\/wp-content\/uploads\/2017\/11\/eef.jpg","width":937,"height":649},{"@type":"BreadcrumbList","@id":"https:\/\/www.carlosyconchita.net\/rutas\/bornas-es-fr-enlaces\/#breadcrumb","itemListElement":[{"@type":"ListItem","position":1,"name":"Portada","item":"https:\/\/www.carlosyconchita.net\/rutas\/"},{"@type":"ListItem","position":2,"name":"Bornas ES-FR Enlaces"}]},{"@type":"WebSite","@id":"https:\/\/www.carlosyconchita.net\/rutas\/#website","url":"https:\/\/www.carlosyconchita.net\/rutas\/","name":"Las rutas de Carlos y Conchita","description":"","potentialAction":[{"@type":"SearchAction","target":{"@type":"EntryPoint","urlTemplate":"https:\/\/www.carlosyconchita.net\/rutas\/?s={search_term_string}"},"query-input":{"@type":"PropertyValueSpecification","valueRequired":true,"valueName":"search_term_string"}}],"inLanguage":"es"}]}},"_links":{"self":[{"href":"https:\/\/www.carlosyconchita.net\/rutas\/wp-json\/wp\/v2\/pages\/16506","targetHints":{"allow":["GET"]}}],"collection":[{"href":"https:\/\/www.carlosyconchita.net\/rutas\/wp-json\/wp\/v2\/pages"}],"about":[{"href":"https:\/\/www.carlosyconchita.net\/rutas\/wp-json\/wp\/v2\/types\/page"}],"author":[{"embeddable":true,"href":"https:\/\/www.carlosyconchita.net\/rutas\/wp-json\/wp\/v2\/users\/50"}],"replies":[{"embeddable":true,"href":"https:\/\/www.carlosyconchita.net\/rutas\/wp-json\/wp\/v2\/comments?post=16506"}],"version-history":[{"count":3,"href":"https:\/\/www.carlosyconchita.net\/rutas\/wp-json\/wp\/v2\/pages\/16506\/revisions"}],"predecessor-version":[{"id":21195,"href":"https:\/\/www.carlosyconchita.net\/rutas\/wp-json\/wp\/v2\/pages\/16506\/revisions\/21195"}],"wp:attachment":[{"href":"https:\/\/www.carlosyconchita.net\/rutas\/wp-json\/wp\/v2\/media?parent=16506"}],"curies":[{"name":"wp","href":"https:\/\/api.w.org\/{rel}","templated":true}]}}