{"id":16673,"date":"2021-09-14T20:41:50","date_gmt":"2021-09-14T19:41:50","guid":{"rendered":"https:\/\/www.carlosyconchita.net\/rutas\/?page_id=16673"},"modified":"2021-09-14T21:08:38","modified_gmt":"2021-09-14T20:08:38","slug":"bornas-llivia-fotos","status":"publish","type":"page","link":"https:\/\/www.carlosyconchita.net\/rutas\/bornas-llivia-fotos\/","title":{"rendered":"Bornas Ll\u00edvia Fotos"},"content":{"rendered":"<p>&nbsp;<\/p>\n<p>Aqu\u00ed pueden verse las fotos realizadas a la bornas de Ll\u00edvia , por orden de n\u00famero y con la fecha del d\u00eda que la vimos.<\/p>\n<p>Algunas llevan aparte del n\u00famero, una letra a cada lado que indica la poblaci\u00f3n que est\u00e1 a ese lado de la frontera, por ejplo. \u00abLL\u00bb de Ll\u00edvia y la \u00abS\u00bb de Saillagosa.<\/p>\n<p>&nbsp;<\/p>\n<p>&nbsp;<\/p>\n<h2 style=\"text-align: center;\"><strong><span style=\"color: #0000ff;\">Album de fotos<\/span><\/strong><\/h2>\n<p><a href=\"https:\/\/photos.app.goo.gl\/WtL3GecX5yLLrfkH6\" target=\"_blank\" rel=\"noopener noreferrer\"><img loading=\"lazy\" decoding=\"async\" class=\"wp-image-9817 size-column4-4\/5 aligncenter\" src=\"https:\/\/www.carlosyconchita.net\/rutas\/wp-content\/uploads\/2016\/12\/DSC01630-240x192.jpg\" alt=\"\" width=\"240\" height=\"192\" srcset=\"https:\/\/www.carlosyconchita.net\/rutas\/wp-content\/uploads\/2016\/12\/DSC01630-240x192.jpg 240w, https:\/\/www.carlosyconchita.net\/rutas\/wp-content\/uploads\/2016\/12\/DSC01630-250x200.jpg 250w, https:\/\/www.carlosyconchita.net\/rutas\/wp-content\/uploads\/2016\/12\/DSC01630-960x764.jpg 960w, https:\/\/www.carlosyconchita.net\/rutas\/wp-content\/uploads\/2016\/12\/DSC01630-480x384.jpg 480w, https:\/\/www.carlosyconchita.net\/rutas\/wp-content\/uploads\/2016\/12\/DSC01630-320x256.jpg 320w\" sizes=\"auto, (max-width: 240px) 100vw, 240px\" \/><\/a><\/p>\n<p>&nbsp;<\/p>\n","protected":false},"excerpt":{"rendered":"<p>&nbsp; Aqu\u00ed pueden verse las fotos realizadas a la bornas de Ll\u00edvia , por orden de n\u00famero y con la fecha del d\u00eda que la vimos. Algunas llevan aparte del n\u00famero, una letra a cada lado que indica la poblaci\u00f3n que est\u00e1 a ese lado de la frontera, por ejplo. \u00abLL\u00bb de Ll\u00edvia y la [&hellip;]<\/p>\n","protected":false},"author":50,"featured_media":0,"parent":0,"menu_order":0,"comment_status":"closed","ping_status":"closed","template":"","meta":{"footnotes":""},"class_list":["post-16673","page","type-page","status-publish","hentry","post"],"yoast_head":"<!-- This site is optimized with the Yoast SEO plugin v27.4 - https:\/\/yoast.com\/product\/yoast-seo-wordpress\/ -->\n<title>Bornas Ll\u00edvia Fotos - Las rutas de Carlos y Conchita<\/title>\n<meta name=\"robots\" content=\"index, follow, max-snippet:-1, max-image-preview:large, max-video-preview:-1\" \/>\n<link rel=\"canonical\" href=\"https:\/\/www.carlosyconchita.net\/rutas\/bornas-llivia-fotos\/\" \/>\n<meta property=\"og:locale\" content=\"es_ES\" \/>\n<meta property=\"og:type\" content=\"article\" \/>\n<meta property=\"og:title\" content=\"Bornas Ll\u00edvia Fotos - Las rutas de Carlos y Conchita\" \/>\n<meta property=\"og:description\" content=\"&nbsp; Aqu\u00ed pueden verse las fotos realizadas a la bornas de Ll\u00edvia , por orden de n\u00famero y con la fecha del d\u00eda que la vimos. Algunas llevan aparte del n\u00famero, una letra a cada lado que indica la poblaci\u00f3n que est\u00e1 a ese lado de la frontera, por ejplo. \u00abLL\u00bb de Ll\u00edvia y la [&hellip;]\" \/>\n<meta property=\"og:url\" content=\"https:\/\/www.carlosyconchita.net\/rutas\/bornas-llivia-fotos\/\" \/>\n<meta property=\"og:site_name\" content=\"Las rutas de Carlos y Conchita\" \/>\n<meta property=\"article:modified_time\" content=\"2021-09-14T20:08:38+00:00\" \/>\n<meta property=\"og:image\" content=\"https:\/\/www.carlosyconchita.net\/rutas\/wp-content\/uploads\/2016\/12\/DSC01630-240x192.jpg\" \/>\n<script type=\"application\/ld+json\" class=\"yoast-schema-graph\">{\"@context\":\"https:\\\/\\\/schema.org\",\"@graph\":[{\"@type\":\"WebPage\",\"@id\":\"https:\\\/\\\/www.carlosyconchita.net\\\/rutas\\\/bornas-llivia-fotos\\\/\",\"url\":\"https:\\\/\\\/www.carlosyconchita.net\\\/rutas\\\/bornas-llivia-fotos\\\/\",\"name\":\"Bornas Ll\u00edvia Fotos - Las rutas de Carlos y Conchita\",\"isPartOf\":{\"@id\":\"https:\\\/\\\/www.carlosyconchita.net\\\/rutas\\\/#website\"},\"primaryImageOfPage\":{\"@id\":\"https:\\\/\\\/www.carlosyconchita.net\\\/rutas\\\/bornas-llivia-fotos\\\/#primaryimage\"},\"image\":{\"@id\":\"https:\\\/\\\/www.carlosyconchita.net\\\/rutas\\\/bornas-llivia-fotos\\\/#primaryimage\"},\"thumbnailUrl\":\"https:\\\/\\\/www.carlosyconchita.net\\\/rutas\\\/wp-content\\\/uploads\\\/2016\\\/12\\\/DSC01630-240x192.jpg\",\"datePublished\":\"2021-09-14T19:41:50+00:00\",\"dateModified\":\"2021-09-14T20:08:38+00:00\",\"breadcrumb\":{\"@id\":\"https:\\\/\\\/www.carlosyconchita.net\\\/rutas\\\/bornas-llivia-fotos\\\/#breadcrumb\"},\"inLanguage\":\"es\",\"potentialAction\":[{\"@type\":\"ReadAction\",\"target\":[\"https:\\\/\\\/www.carlosyconchita.net\\\/rutas\\\/bornas-llivia-fotos\\\/\"]}]},{\"@type\":\"ImageObject\",\"inLanguage\":\"es\",\"@id\":\"https:\\\/\\\/www.carlosyconchita.net\\\/rutas\\\/bornas-llivia-fotos\\\/#primaryimage\",\"url\":\"https:\\\/\\\/www.carlosyconchita.net\\\/rutas\\\/wp-content\\\/uploads\\\/2016\\\/12\\\/DSC01630.jpg\",\"contentUrl\":\"https:\\\/\\\/www.carlosyconchita.net\\\/rutas\\\/wp-content\\\/uploads\\\/2016\\\/12\\\/DSC01630.jpg\",\"width\":1019,\"height\":764},{\"@type\":\"BreadcrumbList\",\"@id\":\"https:\\\/\\\/www.carlosyconchita.net\\\/rutas\\\/bornas-llivia-fotos\\\/#breadcrumb\",\"itemListElement\":[{\"@type\":\"ListItem\",\"position\":1,\"name\":\"Portada\",\"item\":\"https:\\\/\\\/www.carlosyconchita.net\\\/rutas\\\/\"},{\"@type\":\"ListItem\",\"position\":2,\"name\":\"Bornas Ll\u00edvia Fotos\"}]},{\"@type\":\"WebSite\",\"@id\":\"https:\\\/\\\/www.carlosyconchita.net\\\/rutas\\\/#website\",\"url\":\"https:\\\/\\\/www.carlosyconchita.net\\\/rutas\\\/\",\"name\":\"Las rutas de Carlos y Conchita\",\"description\":\"\",\"potentialAction\":[{\"@type\":\"SearchAction\",\"target\":{\"@type\":\"EntryPoint\",\"urlTemplate\":\"https:\\\/\\\/www.carlosyconchita.net\\\/rutas\\\/?s={search_term_string}\"},\"query-input\":{\"@type\":\"PropertyValueSpecification\",\"valueRequired\":true,\"valueName\":\"search_term_string\"}}],\"inLanguage\":\"es\"}]}<\/script>\n<!-- \/ Yoast SEO plugin. -->","yoast_head_json":{"title":"Bornas Ll\u00edvia Fotos - Las rutas de Carlos y Conchita","robots":{"index":"index","follow":"follow","max-snippet":"max-snippet:-1","max-image-preview":"max-image-preview:large","max-video-preview":"max-video-preview:-1"},"canonical":"https:\/\/www.carlosyconchita.net\/rutas\/bornas-llivia-fotos\/","og_locale":"es_ES","og_type":"article","og_title":"Bornas Ll\u00edvia Fotos - Las rutas de Carlos y Conchita","og_description":"&nbsp; Aqu\u00ed pueden verse las fotos realizadas a la bornas de Ll\u00edvia , por orden de n\u00famero y con la fecha del d\u00eda que la vimos. Algunas llevan aparte del n\u00famero, una letra a cada lado que indica la poblaci\u00f3n que est\u00e1 a ese lado de la frontera, por ejplo. \u00abLL\u00bb de Ll\u00edvia y la [&hellip;]","og_url":"https:\/\/www.carlosyconchita.net\/rutas\/bornas-llivia-fotos\/","og_site_name":"Las rutas de Carlos y Conchita","article_modified_time":"2021-09-14T20:08:38+00:00","og_image":[{"url":"https:\/\/www.carlosyconchita.net\/rutas\/wp-content\/uploads\/2016\/12\/DSC01630-240x192.jpg","type":"","width":"","height":""}],"schema":{"@context":"https:\/\/schema.org","@graph":[{"@type":"WebPage","@id":"https:\/\/www.carlosyconchita.net\/rutas\/bornas-llivia-fotos\/","url":"https:\/\/www.carlosyconchita.net\/rutas\/bornas-llivia-fotos\/","name":"Bornas Ll\u00edvia Fotos - Las rutas de Carlos y Conchita","isPartOf":{"@id":"https:\/\/www.carlosyconchita.net\/rutas\/#website"},"primaryImageOfPage":{"@id":"https:\/\/www.carlosyconchita.net\/rutas\/bornas-llivia-fotos\/#primaryimage"},"image":{"@id":"https:\/\/www.carlosyconchita.net\/rutas\/bornas-llivia-fotos\/#primaryimage"},"thumbnailUrl":"https:\/\/www.carlosyconchita.net\/rutas\/wp-content\/uploads\/2016\/12\/DSC01630-240x192.jpg","datePublished":"2021-09-14T19:41:50+00:00","dateModified":"2021-09-14T20:08:38+00:00","breadcrumb":{"@id":"https:\/\/www.carlosyconchita.net\/rutas\/bornas-llivia-fotos\/#breadcrumb"},"inLanguage":"es","potentialAction":[{"@type":"ReadAction","target":["https:\/\/www.carlosyconchita.net\/rutas\/bornas-llivia-fotos\/"]}]},{"@type":"ImageObject","inLanguage":"es","@id":"https:\/\/www.carlosyconchita.net\/rutas\/bornas-llivia-fotos\/#primaryimage","url":"https:\/\/www.carlosyconchita.net\/rutas\/wp-content\/uploads\/2016\/12\/DSC01630.jpg","contentUrl":"https:\/\/www.carlosyconchita.net\/rutas\/wp-content\/uploads\/2016\/12\/DSC01630.jpg","width":1019,"height":764},{"@type":"BreadcrumbList","@id":"https:\/\/www.carlosyconchita.net\/rutas\/bornas-llivia-fotos\/#breadcrumb","itemListElement":[{"@type":"ListItem","position":1,"name":"Portada","item":"https:\/\/www.carlosyconchita.net\/rutas\/"},{"@type":"ListItem","position":2,"name":"Bornas Ll\u00edvia Fotos"}]},{"@type":"WebSite","@id":"https:\/\/www.carlosyconchita.net\/rutas\/#website","url":"https:\/\/www.carlosyconchita.net\/rutas\/","name":"Las rutas de Carlos y Conchita","description":"","potentialAction":[{"@type":"SearchAction","target":{"@type":"EntryPoint","urlTemplate":"https:\/\/www.carlosyconchita.net\/rutas\/?s={search_term_string}"},"query-input":{"@type":"PropertyValueSpecification","valueRequired":true,"valueName":"search_term_string"}}],"inLanguage":"es"}]}},"_links":{"self":[{"href":"https:\/\/www.carlosyconchita.net\/rutas\/wp-json\/wp\/v2\/pages\/16673","targetHints":{"allow":["GET"]}}],"collection":[{"href":"https:\/\/www.carlosyconchita.net\/rutas\/wp-json\/wp\/v2\/pages"}],"about":[{"href":"https:\/\/www.carlosyconchita.net\/rutas\/wp-json\/wp\/v2\/types\/page"}],"author":[{"embeddable":true,"href":"https:\/\/www.carlosyconchita.net\/rutas\/wp-json\/wp\/v2\/users\/50"}],"replies":[{"embeddable":true,"href":"https:\/\/www.carlosyconchita.net\/rutas\/wp-json\/wp\/v2\/comments?post=16673"}],"version-history":[{"count":0,"href":"https:\/\/www.carlosyconchita.net\/rutas\/wp-json\/wp\/v2\/pages\/16673\/revisions"}],"wp:attachment":[{"href":"https:\/\/www.carlosyconchita.net\/rutas\/wp-json\/wp\/v2\/media?parent=16673"}],"curies":[{"name":"wp","href":"https:\/\/api.w.org\/{rel}","templated":true}]}}