{"id":18718,"date":"2023-05-16T16:19:02","date_gmt":"2023-05-16T15:19:02","guid":{"rendered":"https:\/\/www.carlosyconchita.net\/rutas\/?page_id=18718"},"modified":"2024-05-27T16:37:38","modified_gmt":"2024-05-27T15:37:38","slug":"16-05-2023-albania-pagina-principal","status":"publish","type":"page","link":"https:\/\/www.carlosyconchita.net\/rutas\/16-05-2023-albania-pagina-principal\/","title":{"rendered":"16-05-2023-Albania : p\u00e1gina principal"},"content":{"rendered":"<p>&nbsp;<\/p>\n<p><img loading=\"lazy\" decoding=\"async\" class=\"alignnone wp-image-18470 size-full\" src=\"https:\/\/www.carlosyconchita.net\/rutas\/wp-content\/uploads\/2023\/05\/Albania-06-00032.jpg\" alt=\"\" width=\"1024\" height=\"577\" srcset=\"https:\/\/www.carlosyconchita.net\/rutas\/wp-content\/uploads\/2023\/05\/Albania-06-00032.jpg 1024w, https:\/\/www.carlosyconchita.net\/rutas\/wp-content\/uploads\/2023\/05\/Albania-06-00032-300x169.jpg 300w, https:\/\/www.carlosyconchita.net\/rutas\/wp-content\/uploads\/2023\/05\/Albania-06-00032-600x338.jpg 600w, https:\/\/www.carlosyconchita.net\/rutas\/wp-content\/uploads\/2023\/05\/Albania-06-00032-768x433.jpg 768w\" sizes=\"auto, (max-width: 1024px) 100vw, 1024px\" \/><\/p>\n<p>&nbsp;<\/p>\n<h4><span style=\"color: #0000ff;\"><a style=\"color: #0000ff;\" title=\"Enlace permanente a 11-05-2023-Aeropuerto, Kruj\u00eb y Shkod\u00ebr\" href=\"https:\/\/www.carlosyconchita.net\/rutas\/11-05-2023-aeropuerto-kruje-y-shkoder\/\" target=\"_blank\" rel=\"bookmark noopener\"><span style=\"color: #0000ff;\">11-05-2023-Aeropuerto, Kruj\u00eb y Shkod\u00ebr<\/span><\/a><\/span><\/h4>\n<h4 class=\"entry-title\"><span style=\"color: #0000ff;\"><a style=\"color: #0000ff;\" title=\"Enlace permanente a 12-05-2023-Ruta desde Shkod\u00ebr a Saranda y Blue Eye\" href=\"https:\/\/www.carlosyconchita.net\/rutas\/12-05-2023-ruta-desde-shkoder-a-saranda-y-blue-eye\/\" target=\"_blank\" rel=\"bookmark noopener\">12-05-2023-Ruta desde Shkod\u00ebr a Saranda y Blue Eye<\/a><\/span><\/h4>\n<h4 class=\"entry-title\"><span style=\"color: #0000ff;\"><a style=\"color: #0000ff;\" title=\"Enlace permanente a 13-05-2023-Ruta carretera y playas sur de Albania\" href=\"https:\/\/www.carlosyconchita.net\/rutas\/13-05-2023-ruta-carretera-y-playas-sur-de-albania\/\" target=\"_blank\" rel=\"bookmark noopener\">13-05-2023-Ruta carretera y playas sur de Albania<\/a><\/span><\/h4>\n<h4 class=\"entry-title\"><a href=\"https:\/\/www.carlosyconchita.net\/rutas\/13-05-2023-ruinas-de-butrinto\/\" target=\"_blank\" rel=\"noopener\"><span style=\"color: #0000ff;\">13-05-2023-Ruinas de Butrinto<\/span><\/a><\/h4>\n<h4 class=\"entry-title\"><span style=\"color: #0000ff;\"><a style=\"color: #0000ff;\" title=\"Enlace permanente a 13-05-2023-Moj\u00f3n o borna fronteriza entre Albania y Grecia\" href=\"https:\/\/www.carlosyconchita.net\/rutas\/13-05-2023-mojon-o-borna-fronteriza-entre-albania-y-grecia\/\" target=\"_blank\" rel=\"bookmark noopener\">13-05-2023-Moj\u00f3n o borna fronteriza entre Albania y Grecia<\/a><\/span><\/h4>\n<h4 class=\"entry-title\"><span style=\"color: #0000ff;\"><a style=\"color: #0000ff;\" title=\"Enlace permanente a 14-05-2023-Gjirokaster y Berat\" href=\"https:\/\/www.carlosyconchita.net\/rutas\/14-05-2023-gjirokaster-y-berat\/\" target=\"_blank\" rel=\"bookmark noopener\">14-05-2023-Gjirokaster y Berat<\/a><\/span><\/h4>\n<h4 class=\"entry-title\"><span style=\"color: #0000ff;\"><a style=\"color: #0000ff;\" title=\"Enlace permanente a 15-05-2023-Castillo de Berat, Vlor\u00eb, P\u00ebrmet y Leus\u00eb\" href=\"https:\/\/www.carlosyconchita.net\/rutas\/15-05-2023-castillo-de-berat-vlore-permet-y-lesce\/\" target=\"_blank\" rel=\"bookmark noopener\">15-05-2023-Castillo de Berat, Vlor\u00eb, P\u00ebrmet y Leus\u00eb<\/a><\/span><\/h4>\n<h4 class=\"entry-title\"><span style=\"color: #0000ff;\"><a style=\"color: #0000ff;\" title=\"Enlace permanente a 16-05-2023-Tirana\" href=\"https:\/\/www.carlosyconchita.net\/rutas\/16-05-2023-tirana\/\" target=\"_blank\" rel=\"bookmark noopener\">16-05-2023-Tirana<\/a><\/span><\/h4>\n<h4>\u00a0<\/h4>\n<p>&nbsp;<\/p>\n<p>&nbsp;<\/p>\n","protected":false},"excerpt":{"rendered":"<p>&nbsp; &nbsp; 11-05-2023-Aeropuerto, Kruj\u00eb y Shkod\u00ebr 12-05-2023-Ruta desde Shkod\u00ebr a Saranda y Blue Eye 13-05-2023-Ruta carretera y playas sur de Albania 13-05-2023-Ruinas de Butrinto 13-05-2023-Moj\u00f3n o borna fronteriza entre Albania y Grecia 14-05-2023-Gjirokaster y Berat 15-05-2023-Castillo de Berat, Vlor\u00eb, P\u00ebrmet y Leus\u00eb 16-05-2023-Tirana \u00a0 &nbsp; &nbsp;<\/p>\n","protected":false},"author":50,"featured_media":18470,"parent":0,"menu_order":0,"comment_status":"closed","ping_status":"closed","template":"","meta":{"footnotes":""},"class_list":["post-18718","page","type-page","status-publish","has-post-thumbnail","hentry","post","post-with-thumbnail","post-with-thumbnail-icon"],"yoast_head":"<!-- This site is optimized with the Yoast SEO plugin v27.4 - https:\/\/yoast.com\/product\/yoast-seo-wordpress\/ -->\n<title>16-05-2023-Albania : p\u00e1gina principal - Las rutas de Carlos y Conchita<\/title>\n<meta name=\"robots\" content=\"index, follow, max-snippet:-1, max-image-preview:large, max-video-preview:-1\" \/>\n<link rel=\"canonical\" href=\"https:\/\/www.carlosyconchita.net\/rutas\/16-05-2023-albania-pagina-principal\/\" \/>\n<meta property=\"og:locale\" content=\"es_ES\" \/>\n<meta property=\"og:type\" content=\"article\" \/>\n<meta property=\"og:title\" content=\"16-05-2023-Albania : p\u00e1gina principal - Las rutas de Carlos y Conchita\" \/>\n<meta property=\"og:description\" content=\"&nbsp; &nbsp; 11-05-2023-Aeropuerto, Kruj\u00eb y Shkod\u00ebr 12-05-2023-Ruta desde Shkod\u00ebr a Saranda y Blue Eye 13-05-2023-Ruta carretera y playas sur de Albania 13-05-2023-Ruinas de Butrinto 13-05-2023-Moj\u00f3n o borna fronteriza entre Albania y Grecia 14-05-2023-Gjirokaster y Berat 15-05-2023-Castillo de Berat, Vlor\u00eb, P\u00ebrmet y Leus\u00eb 16-05-2023-Tirana \u00a0 &nbsp; &nbsp;\" \/>\n<meta property=\"og:url\" content=\"https:\/\/www.carlosyconchita.net\/rutas\/16-05-2023-albania-pagina-principal\/\" \/>\n<meta property=\"og:site_name\" content=\"Las rutas de Carlos y Conchita\" \/>\n<meta property=\"article:modified_time\" content=\"2024-05-27T15:37:38+00:00\" \/>\n<meta property=\"og:image\" content=\"https:\/\/www.carlosyconchita.net\/rutas\/wp-content\/uploads\/2023\/05\/Albania-06-00032.jpg\" \/>\n\t<meta property=\"og:image:width\" content=\"1024\" \/>\n\t<meta property=\"og:image:height\" content=\"577\" \/>\n\t<meta property=\"og:image:type\" content=\"image\/jpeg\" \/>\n<meta name=\"twitter:label1\" content=\"Tiempo de lectura\" \/>\n\t<meta name=\"twitter:data1\" content=\"1 minuto\" \/>\n<script type=\"application\/ld+json\" class=\"yoast-schema-graph\">{\"@context\":\"https:\\\/\\\/schema.org\",\"@graph\":[{\"@type\":\"WebPage\",\"@id\":\"https:\\\/\\\/www.carlosyconchita.net\\\/rutas\\\/16-05-2023-albania-pagina-principal\\\/\",\"url\":\"https:\\\/\\\/www.carlosyconchita.net\\\/rutas\\\/16-05-2023-albania-pagina-principal\\\/\",\"name\":\"16-05-2023-Albania : p\u00e1gina principal - Las rutas de Carlos y Conchita\",\"isPartOf\":{\"@id\":\"https:\\\/\\\/www.carlosyconchita.net\\\/rutas\\\/#website\"},\"primaryImageOfPage\":{\"@id\":\"https:\\\/\\\/www.carlosyconchita.net\\\/rutas\\\/16-05-2023-albania-pagina-principal\\\/#primaryimage\"},\"image\":{\"@id\":\"https:\\\/\\\/www.carlosyconchita.net\\\/rutas\\\/16-05-2023-albania-pagina-principal\\\/#primaryimage\"},\"thumbnailUrl\":\"https:\\\/\\\/www.carlosyconchita.net\\\/rutas\\\/wp-content\\\/uploads\\\/2023\\\/05\\\/Albania-06-00032.jpg\",\"datePublished\":\"2023-05-16T15:19:02+00:00\",\"dateModified\":\"2024-05-27T15:37:38+00:00\",\"breadcrumb\":{\"@id\":\"https:\\\/\\\/www.carlosyconchita.net\\\/rutas\\\/16-05-2023-albania-pagina-principal\\\/#breadcrumb\"},\"inLanguage\":\"es\",\"potentialAction\":[{\"@type\":\"ReadAction\",\"target\":[\"https:\\\/\\\/www.carlosyconchita.net\\\/rutas\\\/16-05-2023-albania-pagina-principal\\\/\"]}]},{\"@type\":\"ImageObject\",\"inLanguage\":\"es\",\"@id\":\"https:\\\/\\\/www.carlosyconchita.net\\\/rutas\\\/16-05-2023-albania-pagina-principal\\\/#primaryimage\",\"url\":\"https:\\\/\\\/www.carlosyconchita.net\\\/rutas\\\/wp-content\\\/uploads\\\/2023\\\/05\\\/Albania-06-00032.jpg\",\"contentUrl\":\"https:\\\/\\\/www.carlosyconchita.net\\\/rutas\\\/wp-content\\\/uploads\\\/2023\\\/05\\\/Albania-06-00032.jpg\",\"width\":1024,\"height\":577},{\"@type\":\"BreadcrumbList\",\"@id\":\"https:\\\/\\\/www.carlosyconchita.net\\\/rutas\\\/16-05-2023-albania-pagina-principal\\\/#breadcrumb\",\"itemListElement\":[{\"@type\":\"ListItem\",\"position\":1,\"name\":\"Portada\",\"item\":\"https:\\\/\\\/www.carlosyconchita.net\\\/rutas\\\/\"},{\"@type\":\"ListItem\",\"position\":2,\"name\":\"16-05-2023-Albania : p\u00e1gina principal\"}]},{\"@type\":\"WebSite\",\"@id\":\"https:\\\/\\\/www.carlosyconchita.net\\\/rutas\\\/#website\",\"url\":\"https:\\\/\\\/www.carlosyconchita.net\\\/rutas\\\/\",\"name\":\"Las rutas de Carlos y Conchita\",\"description\":\"\",\"potentialAction\":[{\"@type\":\"SearchAction\",\"target\":{\"@type\":\"EntryPoint\",\"urlTemplate\":\"https:\\\/\\\/www.carlosyconchita.net\\\/rutas\\\/?s={search_term_string}\"},\"query-input\":{\"@type\":\"PropertyValueSpecification\",\"valueRequired\":true,\"valueName\":\"search_term_string\"}}],\"inLanguage\":\"es\"}]}<\/script>\n<!-- \/ Yoast SEO plugin. -->","yoast_head_json":{"title":"16-05-2023-Albania : p\u00e1gina principal - Las rutas de Carlos y Conchita","robots":{"index":"index","follow":"follow","max-snippet":"max-snippet:-1","max-image-preview":"max-image-preview:large","max-video-preview":"max-video-preview:-1"},"canonical":"https:\/\/www.carlosyconchita.net\/rutas\/16-05-2023-albania-pagina-principal\/","og_locale":"es_ES","og_type":"article","og_title":"16-05-2023-Albania : p\u00e1gina principal - Las rutas de Carlos y Conchita","og_description":"&nbsp; &nbsp; 11-05-2023-Aeropuerto, Kruj\u00eb y Shkod\u00ebr 12-05-2023-Ruta desde Shkod\u00ebr a Saranda y Blue Eye 13-05-2023-Ruta carretera y playas sur de Albania 13-05-2023-Ruinas de Butrinto 13-05-2023-Moj\u00f3n o borna fronteriza entre Albania y Grecia 14-05-2023-Gjirokaster y Berat 15-05-2023-Castillo de Berat, Vlor\u00eb, P\u00ebrmet y Leus\u00eb 16-05-2023-Tirana \u00a0 &nbsp; &nbsp;","og_url":"https:\/\/www.carlosyconchita.net\/rutas\/16-05-2023-albania-pagina-principal\/","og_site_name":"Las rutas de Carlos y Conchita","article_modified_time":"2024-05-27T15:37:38+00:00","og_image":[{"width":1024,"height":577,"url":"https:\/\/www.carlosyconchita.net\/rutas\/wp-content\/uploads\/2023\/05\/Albania-06-00032.jpg","type":"image\/jpeg"}],"twitter_misc":{"Tiempo de lectura":"1 minuto"},"schema":{"@context":"https:\/\/schema.org","@graph":[{"@type":"WebPage","@id":"https:\/\/www.carlosyconchita.net\/rutas\/16-05-2023-albania-pagina-principal\/","url":"https:\/\/www.carlosyconchita.net\/rutas\/16-05-2023-albania-pagina-principal\/","name":"16-05-2023-Albania : p\u00e1gina principal - Las rutas de Carlos y Conchita","isPartOf":{"@id":"https:\/\/www.carlosyconchita.net\/rutas\/#website"},"primaryImageOfPage":{"@id":"https:\/\/www.carlosyconchita.net\/rutas\/16-05-2023-albania-pagina-principal\/#primaryimage"},"image":{"@id":"https:\/\/www.carlosyconchita.net\/rutas\/16-05-2023-albania-pagina-principal\/#primaryimage"},"thumbnailUrl":"https:\/\/www.carlosyconchita.net\/rutas\/wp-content\/uploads\/2023\/05\/Albania-06-00032.jpg","datePublished":"2023-05-16T15:19:02+00:00","dateModified":"2024-05-27T15:37:38+00:00","breadcrumb":{"@id":"https:\/\/www.carlosyconchita.net\/rutas\/16-05-2023-albania-pagina-principal\/#breadcrumb"},"inLanguage":"es","potentialAction":[{"@type":"ReadAction","target":["https:\/\/www.carlosyconchita.net\/rutas\/16-05-2023-albania-pagina-principal\/"]}]},{"@type":"ImageObject","inLanguage":"es","@id":"https:\/\/www.carlosyconchita.net\/rutas\/16-05-2023-albania-pagina-principal\/#primaryimage","url":"https:\/\/www.carlosyconchita.net\/rutas\/wp-content\/uploads\/2023\/05\/Albania-06-00032.jpg","contentUrl":"https:\/\/www.carlosyconchita.net\/rutas\/wp-content\/uploads\/2023\/05\/Albania-06-00032.jpg","width":1024,"height":577},{"@type":"BreadcrumbList","@id":"https:\/\/www.carlosyconchita.net\/rutas\/16-05-2023-albania-pagina-principal\/#breadcrumb","itemListElement":[{"@type":"ListItem","position":1,"name":"Portada","item":"https:\/\/www.carlosyconchita.net\/rutas\/"},{"@type":"ListItem","position":2,"name":"16-05-2023-Albania : p\u00e1gina principal"}]},{"@type":"WebSite","@id":"https:\/\/www.carlosyconchita.net\/rutas\/#website","url":"https:\/\/www.carlosyconchita.net\/rutas\/","name":"Las rutas de Carlos y Conchita","description":"","potentialAction":[{"@type":"SearchAction","target":{"@type":"EntryPoint","urlTemplate":"https:\/\/www.carlosyconchita.net\/rutas\/?s={search_term_string}"},"query-input":{"@type":"PropertyValueSpecification","valueRequired":true,"valueName":"search_term_string"}}],"inLanguage":"es"}]}},"_links":{"self":[{"href":"https:\/\/www.carlosyconchita.net\/rutas\/wp-json\/wp\/v2\/pages\/18718","targetHints":{"allow":["GET"]}}],"collection":[{"href":"https:\/\/www.carlosyconchita.net\/rutas\/wp-json\/wp\/v2\/pages"}],"about":[{"href":"https:\/\/www.carlosyconchita.net\/rutas\/wp-json\/wp\/v2\/types\/page"}],"author":[{"embeddable":true,"href":"https:\/\/www.carlosyconchita.net\/rutas\/wp-json\/wp\/v2\/users\/50"}],"replies":[{"embeddable":true,"href":"https:\/\/www.carlosyconchita.net\/rutas\/wp-json\/wp\/v2\/comments?post=18718"}],"version-history":[{"count":0,"href":"https:\/\/www.carlosyconchita.net\/rutas\/wp-json\/wp\/v2\/pages\/18718\/revisions"}],"wp:featuredmedia":[{"embeddable":true,"href":"https:\/\/www.carlosyconchita.net\/rutas\/wp-json\/wp\/v2\/media\/18470"}],"wp:attachment":[{"href":"https:\/\/www.carlosyconchita.net\/rutas\/wp-json\/wp\/v2\/media?parent=18718"}],"curies":[{"name":"wp","href":"https:\/\/api.w.org\/{rel}","templated":true}]}}