{"id":20643,"date":"2025-01-29T17:21:00","date_gmt":"2025-01-29T16:21:00","guid":{"rendered":"https:\/\/www.carlosyconchita.net\/rutas\/?page_id=20643"},"modified":"2025-10-25T17:12:57","modified_gmt":"2025-10-25T16:12:57","slug":"bornas-pendientes","status":"publish","type":"page","link":"https:\/\/www.carlosyconchita.net\/rutas\/bornas-pendientes\/","title":{"rendered":"Bornas pendientes"},"content":{"rendered":"<p style=\"text-align: justify;\">El dia 16-09-2025, con la dura subida al Puerto de Clarabide, en donde est\u00e1 la B-330 bis, hemos completado nuestra b\u00fasqueda de TODOS los mojones o bornas fronterizas entre Espa\u00f1a y Francia, incluidos los de Ll\u00edvia, que hacen un total de 723, desde el n\u00famero 1 situado en el Rio Bidasosa, hasta el n\u00famero 602 situada en el Mediterr\u00e1neo, dentro de la Cova Foradada, en la Punta del Ocell.<\/p>\n<p>&nbsp;<\/p>\n<p>&nbsp;<\/p>\n<div id=\"pgc-20067-2-1\" class=\"panel-grid-cell\">\n<div id=\"panel-20067-2-1-0\" class=\"so-panel widget widget_sow-editor panel-first-child panel-last-child\" data-index=\"6\">\n<div class=\"so-rounded panel-widget-style panel-widget-style-for-20067-2-1-0\">\n<div class=\"so-widget-sow-editor so-widget-sow-editor-base\">\n<div class=\"siteorigin-widget-tinymce textwidget\">\n<p><strong>N\u00famero de bornas localizadas y fotografiadas<\/strong> :<\/p>\n<p>Si contamos \u00fanicamente por n\u00fameros , sin tener en cuenta las \u00abduplicadas\u00bb :<\/p>\n<p style=\"text-align: justify;\"><strong><span style=\"color: #ff0000;\">Las tenemos todas\u00a0 :\u00a0 \u00a0602\u00a0 bornas (n\u00fameros)\u00a0 localizadas hasta el d\u00eda\u00a0 16-09-2025 del total de 602 existentes en la frontera Espa\u00f1a-Francia, m\u00e1s las 45 de Ll\u00edvia.<\/span><\/strong><\/p>\n<p>&nbsp;<\/p>\n<p>Pero si tenemos en cuenta la cantidad total de mojones\/bornas , ya que hay algunas que tienen \u00absub-bornas\u00bb\u00a0 nombradas como \u00abbis\u00bb, o \u00abI,II,III\u00bb, o \u00aba,b,c\u00bb , como la 044 que tienen 14 \u201csub-bornas\u201d o la 501 que tiene 6 (entre otras \u2026), en realidad hay 723 , incluidas las 45 de Ll\u00edvia y las 3 de Andorra-Francia :<\/p>\n<p><strong><span style=\"color: #ff0000;\">Las tenemos todas\u00a0 :\u00a0 723\u00a0 bornas (piedras) \u00a0 localizadas hasta el d\u00eda\u00a0 16-09-2025 del total de 723 existentes.<\/span><\/strong><\/p>\n<p>&nbsp;<\/p>\n<p>Ver la explicaci\u00f3n detallada del recuento de bornas de nuestro amigo Eef Bern , sobre este tema :<strong><span style=\"color: #0000ff;\"><a style=\"color: #0000ff;\" href=\"http:\/\/www.grpdesbf.nl\/esfr-html-curiosities-how-many-bordermarkers.html\" target=\"_blank\" rel=\"noopener noreferrer\"> Abrir enlace<\/a><\/span><\/strong><\/p>\n<\/div>\n<\/div>\n<\/div>\n<\/div>\n<\/div>\n<p>&nbsp;<\/p>\n<p>Ver\u00a0 album de fotos de las bornas de la frontera\u00a0 Espa\u00f1a-Francia\u00a0 :\u00a0 \u00a0 \u00a0 <a href=\"https:\/\/www.carlosyconchita.net\/rutas\/bornas-es-fr-fotos\/\" target=\"_blank\" rel=\"noopener\"><strong><span style=\"color: #3366ff;\">\u00a0<span style=\"color: #0000ff;\"> Album de fotos<\/span><\/span><\/strong><\/a><\/p>\n<p>&nbsp;<\/p>\n<p>Ver album de fotos de las bornas de la frontera de Ll\u00edvia :\u00a0 \u00a0 \u00a0<a href=\"https:\/\/www.carlosyconchita.net\/rutas\/bornas-llivia-fotos\/\" target=\"_blank\" rel=\"noopener\"><strong><span style=\"color: #0000ff;\">Album de fotos<\/span><\/strong><\/a><\/p>\n<p>&nbsp;<\/p>\n<p>&nbsp;<\/p>\n<p>.<\/p>\n","protected":false},"excerpt":{"rendered":"<p>El dia 16-09-2025, con la dura subida al Puerto de Clarabide, en donde est\u00e1 la B-330 bis, hemos completado nuestra b\u00fasqueda de TODOS los mojones o bornas fronterizas entre Espa\u00f1a y Francia, incluidos los de Ll\u00edvia, que hacen un total de 723, desde el n\u00famero 1 situado en el Rio Bidasosa, hasta el n\u00famero 602 [&hellip;]<\/p>\n","protected":false},"author":50,"featured_media":0,"parent":0,"menu_order":0,"comment_status":"closed","ping_status":"closed","template":"","meta":{"footnotes":""},"class_list":["post-20643","page","type-page","status-publish","hentry","post"],"yoast_head":"<!-- This site is optimized with the Yoast SEO plugin v27.4 - https:\/\/yoast.com\/product\/yoast-seo-wordpress\/ -->\n<title>Bornas pendientes - Las rutas de Carlos y Conchita<\/title>\n<meta name=\"robots\" content=\"index, follow, max-snippet:-1, max-image-preview:large, max-video-preview:-1\" \/>\n<link rel=\"canonical\" href=\"https:\/\/www.carlosyconchita.net\/rutas\/bornas-pendientes\/\" \/>\n<meta property=\"og:locale\" content=\"es_ES\" \/>\n<meta property=\"og:type\" content=\"article\" \/>\n<meta property=\"og:title\" content=\"Bornas pendientes - Las rutas de Carlos y Conchita\" \/>\n<meta property=\"og:description\" content=\"El dia 16-09-2025, con la dura subida al Puerto de Clarabide, en donde est\u00e1 la B-330 bis, hemos completado nuestra b\u00fasqueda de TODOS los mojones o bornas fronterizas entre Espa\u00f1a y Francia, incluidos los de Ll\u00edvia, que hacen un total de 723, desde el n\u00famero 1 situado en el Rio Bidasosa, hasta el n\u00famero 602 [&hellip;]\" \/>\n<meta property=\"og:url\" content=\"https:\/\/www.carlosyconchita.net\/rutas\/bornas-pendientes\/\" \/>\n<meta property=\"og:site_name\" content=\"Las rutas de Carlos y Conchita\" \/>\n<meta property=\"article:modified_time\" content=\"2025-10-25T16:12:57+00:00\" \/>\n<meta name=\"twitter:label1\" content=\"Tiempo de lectura\" \/>\n\t<meta name=\"twitter:data1\" content=\"2 minutos\" \/>\n<script type=\"application\/ld+json\" class=\"yoast-schema-graph\">{\"@context\":\"https:\\\/\\\/schema.org\",\"@graph\":[{\"@type\":\"WebPage\",\"@id\":\"https:\\\/\\\/www.carlosyconchita.net\\\/rutas\\\/bornas-pendientes\\\/\",\"url\":\"https:\\\/\\\/www.carlosyconchita.net\\\/rutas\\\/bornas-pendientes\\\/\",\"name\":\"Bornas pendientes - Las rutas de Carlos y Conchita\",\"isPartOf\":{\"@id\":\"https:\\\/\\\/www.carlosyconchita.net\\\/rutas\\\/#website\"},\"datePublished\":\"2025-01-29T16:21:00+00:00\",\"dateModified\":\"2025-10-25T16:12:57+00:00\",\"breadcrumb\":{\"@id\":\"https:\\\/\\\/www.carlosyconchita.net\\\/rutas\\\/bornas-pendientes\\\/#breadcrumb\"},\"inLanguage\":\"es\",\"potentialAction\":[{\"@type\":\"ReadAction\",\"target\":[\"https:\\\/\\\/www.carlosyconchita.net\\\/rutas\\\/bornas-pendientes\\\/\"]}]},{\"@type\":\"BreadcrumbList\",\"@id\":\"https:\\\/\\\/www.carlosyconchita.net\\\/rutas\\\/bornas-pendientes\\\/#breadcrumb\",\"itemListElement\":[{\"@type\":\"ListItem\",\"position\":1,\"name\":\"Portada\",\"item\":\"https:\\\/\\\/www.carlosyconchita.net\\\/rutas\\\/\"},{\"@type\":\"ListItem\",\"position\":2,\"name\":\"Bornas pendientes\"}]},{\"@type\":\"WebSite\",\"@id\":\"https:\\\/\\\/www.carlosyconchita.net\\\/rutas\\\/#website\",\"url\":\"https:\\\/\\\/www.carlosyconchita.net\\\/rutas\\\/\",\"name\":\"Las rutas de Carlos y Conchita\",\"description\":\"\",\"potentialAction\":[{\"@type\":\"SearchAction\",\"target\":{\"@type\":\"EntryPoint\",\"urlTemplate\":\"https:\\\/\\\/www.carlosyconchita.net\\\/rutas\\\/?s={search_term_string}\"},\"query-input\":{\"@type\":\"PropertyValueSpecification\",\"valueRequired\":true,\"valueName\":\"search_term_string\"}}],\"inLanguage\":\"es\"}]}<\/script>\n<!-- \/ Yoast SEO plugin. -->","yoast_head_json":{"title":"Bornas pendientes - Las rutas de Carlos y Conchita","robots":{"index":"index","follow":"follow","max-snippet":"max-snippet:-1","max-image-preview":"max-image-preview:large","max-video-preview":"max-video-preview:-1"},"canonical":"https:\/\/www.carlosyconchita.net\/rutas\/bornas-pendientes\/","og_locale":"es_ES","og_type":"article","og_title":"Bornas pendientes - Las rutas de Carlos y Conchita","og_description":"El dia 16-09-2025, con la dura subida al Puerto de Clarabide, en donde est\u00e1 la B-330 bis, hemos completado nuestra b\u00fasqueda de TODOS los mojones o bornas fronterizas entre Espa\u00f1a y Francia, incluidos los de Ll\u00edvia, que hacen un total de 723, desde el n\u00famero 1 situado en el Rio Bidasosa, hasta el n\u00famero 602 [&hellip;]","og_url":"https:\/\/www.carlosyconchita.net\/rutas\/bornas-pendientes\/","og_site_name":"Las rutas de Carlos y Conchita","article_modified_time":"2025-10-25T16:12:57+00:00","twitter_misc":{"Tiempo de lectura":"2 minutos"},"schema":{"@context":"https:\/\/schema.org","@graph":[{"@type":"WebPage","@id":"https:\/\/www.carlosyconchita.net\/rutas\/bornas-pendientes\/","url":"https:\/\/www.carlosyconchita.net\/rutas\/bornas-pendientes\/","name":"Bornas pendientes - Las rutas de Carlos y Conchita","isPartOf":{"@id":"https:\/\/www.carlosyconchita.net\/rutas\/#website"},"datePublished":"2025-01-29T16:21:00+00:00","dateModified":"2025-10-25T16:12:57+00:00","breadcrumb":{"@id":"https:\/\/www.carlosyconchita.net\/rutas\/bornas-pendientes\/#breadcrumb"},"inLanguage":"es","potentialAction":[{"@type":"ReadAction","target":["https:\/\/www.carlosyconchita.net\/rutas\/bornas-pendientes\/"]}]},{"@type":"BreadcrumbList","@id":"https:\/\/www.carlosyconchita.net\/rutas\/bornas-pendientes\/#breadcrumb","itemListElement":[{"@type":"ListItem","position":1,"name":"Portada","item":"https:\/\/www.carlosyconchita.net\/rutas\/"},{"@type":"ListItem","position":2,"name":"Bornas pendientes"}]},{"@type":"WebSite","@id":"https:\/\/www.carlosyconchita.net\/rutas\/#website","url":"https:\/\/www.carlosyconchita.net\/rutas\/","name":"Las rutas de Carlos y Conchita","description":"","potentialAction":[{"@type":"SearchAction","target":{"@type":"EntryPoint","urlTemplate":"https:\/\/www.carlosyconchita.net\/rutas\/?s={search_term_string}"},"query-input":{"@type":"PropertyValueSpecification","valueRequired":true,"valueName":"search_term_string"}}],"inLanguage":"es"}]}},"_links":{"self":[{"href":"https:\/\/www.carlosyconchita.net\/rutas\/wp-json\/wp\/v2\/pages\/20643","targetHints":{"allow":["GET"]}}],"collection":[{"href":"https:\/\/www.carlosyconchita.net\/rutas\/wp-json\/wp\/v2\/pages"}],"about":[{"href":"https:\/\/www.carlosyconchita.net\/rutas\/wp-json\/wp\/v2\/types\/page"}],"author":[{"embeddable":true,"href":"https:\/\/www.carlosyconchita.net\/rutas\/wp-json\/wp\/v2\/users\/50"}],"replies":[{"embeddable":true,"href":"https:\/\/www.carlosyconchita.net\/rutas\/wp-json\/wp\/v2\/comments?post=20643"}],"version-history":[{"count":4,"href":"https:\/\/www.carlosyconchita.net\/rutas\/wp-json\/wp\/v2\/pages\/20643\/revisions"}],"predecessor-version":[{"id":21230,"href":"https:\/\/www.carlosyconchita.net\/rutas\/wp-json\/wp\/v2\/pages\/20643\/revisions\/21230"}],"wp:attachment":[{"href":"https:\/\/www.carlosyconchita.net\/rutas\/wp-json\/wp\/v2\/media?parent=20643"}],"curies":[{"name":"wp","href":"https:\/\/api.w.org\/{rel}","templated":true}]}}