{"id":21685,"date":"2026-03-02T19:05:58","date_gmt":"2026-03-02T18:05:58","guid":{"rendered":"https:\/\/www.carlosyconchita.net\/rutas\/?page_id=21685"},"modified":"2026-03-02T19:05:58","modified_gmt":"2026-03-02T18:05:58","slug":"bornas-otros-paises","status":"publish","type":"page","link":"https:\/\/www.carlosyconchita.net\/rutas\/bornas-otros-paises\/","title":{"rendered":"Bornas otros pa\u00edses"},"content":{"rendered":"<div class=\"sya_container\" id=\"sya_container\"><p class=\"sya_yearslist\" id=\"sya_yearslist\"><a href=\"#year2025\">2025<\/a> &bull; <a href=\"#year2023\">2023<\/a> &bull; <a href=\"#year2022\">2022<\/a> &bull; <a href=\"#year2020\">2020<\/a> &bull; <a href=\"#year2013\">2013<\/a><\/p> <a id=\"year2025\"><\/a>2025 <span class=\"sya_yearcount\"><span class=\"sya_bracket\">(<\/span>1<span class=\"sya_bracket\">)<\/span><\/span> <ul><li class=\"\"><div class=\"sya_postcontent\"><span class=\"sya_date\">  <span class=\"sya_sep\"> <\/span><\/span><a href=\"https:\/\/www.carlosyconchita.net\/rutas\/30-09-2025-bornas-portugal-espana-519-a-525\/\" class=\"sya_postlink post-21670\" rel=\"bookmark\">30-09-2025-Bornas Portugal-Espa\u00f1a 519 a 525<\/a> <span class=\"sya_categories\"><span class=\"sya_bracket\">(<\/span>0-Muy f\u00e1cil, 2 - De 5 a 10 km., Mojones \/ Bornas otros pa\u00edses, Portugal<span class=\"sya_bracket\">)<\/span><\/span><div style=\"padding-left:100px\" class=\"robots-nocontent\"><cite>De camino a la Sierra de la Estrella (Portugal), paramos en el peque\u00f1o pueblo de Fuentes de O\u00f1oro (Salamanca), fronterizo con Vilar do Formoso, para ver algunas de las muchas bornas o mojones fronterizos que hay en esta frontera. No es que queramos ahora localizar toda las bornas de esta larga frontera, ya que son [&hellip;]<\/cite><\/div><\/div><\/li><\/ul> <a id=\"year2023\"><\/a>2023 <span class=\"sya_yearcount\"><span class=\"sya_bracket\">(<\/span>1<span class=\"sya_bracket\">)<\/span><\/span> <ul><li class=\"\"><div class=\"sya_postcontent\"><span class=\"sya_date\">  <span class=\"sya_sep\"> <\/span><\/span><a href=\"https:\/\/www.carlosyconchita.net\/rutas\/13-05-2023-mojon-o-borna-fronteriza-entre-albania-y-grecia\/\" class=\"sya_postlink post-18435\" rel=\"bookmark\">13-05-2023-Moj\u00f3n o borna fronteriza entre Albania y Grecia<\/a> <span class=\"sya_categories\"><span class=\"sya_bracket\">(<\/span>Albania, Mojones \/ Bornas Albania-Grecia, Mojones \/ Bornas otros pa\u00edses<span class=\"sya_bracket\">)<\/span><\/span><div style=\"padding-left:100px\" class=\"robots-nocontent\"><cite>Despu\u00e9s de la visita a las ruinas de Butrinto, y dado que est\u00e1bamos muy cerca de la frontera con Grecia, hemos pensado que seguramente habr\u00eda alguna borna fronteriza, por lo que nos hemos dirigido hacia all\u00ed. Para ello, justo a la entrada de las ruinas, donde hay una gran zona de parking y acaba la [&hellip;]<\/cite><\/div><\/div><\/li><\/ul> <a id=\"year2022\"><\/a>2022 <span class=\"sya_yearcount\"><span class=\"sya_bracket\">(<\/span>3<span class=\"sya_bracket\">)<\/span><\/span> <ul><li class=\"\"><div class=\"sya_postcontent\"><span class=\"sya_date\">  <span class=\"sya_sep\"> <\/span><\/span><a href=\"https:\/\/www.carlosyconchita.net\/rutas\/11-08-2022-viaje-vuelta-de-eslovenia\/\" class=\"sya_postlink post-18306\" rel=\"bookmark\">11-08-2022-Viaje vuelta de Eslovenia (y bornas Italia-Francia)<\/a> <span class=\"sya_categories\"><span class=\"sya_bracket\">(<\/span>0-Muy f\u00e1cil, Eslovenia, Mojones \/ Bornas otros pa\u00edses<span class=\"sya_bracket\">)<\/span><\/span><div style=\"padding-left:100px\" class=\"robots-nocontent\"><cite>Album de fotos del viaje de vuelta desde Eslovenia, que realizamos en dos etapas :\u00a0 el d\u00eda 11\u00a0 desde Bled a Susa (Italia), donde ya hab\u00edamos dormido a la ida, y el d\u00eda 12 desde Susa hasta casa. Esta vez en Susa pudimos disfrutar con unas pizzas, y al d\u00eda siguiente, en la frontera entre [&hellip;]<\/cite><\/div><\/div><\/li><li class=\"\"><div class=\"sya_postcontent\"><span class=\"sya_date\">  <span class=\"sya_sep\"> <\/span><\/span><a href=\"https:\/\/www.carlosyconchita.net\/rutas\/09-08-2022-tripoint-eslovenia-austria-italia-monte-forno\/\" class=\"sya_postlink post-18280\" rel=\"bookmark\">09-08-2022-Tripoint Eslovenia-Austria-Italia (Monte Forno)<\/a> <span class=\"sya_categories\"><span class=\"sya_bracket\">(<\/span>0-Muy f\u00e1cil, 1 - Hasta 5 km., Eslovenia, Mojones \/ Bornas otros pa\u00edses<span class=\"sya_bracket\">)<\/span><\/span><div style=\"padding-left:100px\" class=\"robots-nocontent\"><cite>Hoy por fin hemos podido subir con el telesilla a la zona donde est\u00e1 uno de los llamados \u00abtripoint\u00bb, es decir, un punto en el que se unen las fronteras de tres pa\u00edses, en este caso Eslovenia, Austria e Italia, en el pico llamado Monte Forno (en Italia), Dreil\u00e4ndereck (en Austria) o P\u00eac\u00a0 (en Eslovenia) [&hellip;]<\/cite><\/div><\/div><\/li><li class=\"\"><div class=\"sya_postcontent\"><span class=\"sya_date\">  <span class=\"sya_sep\"> <\/span><\/span><a href=\"https:\/\/www.carlosyconchita.net\/rutas\/07-08-2022-ruta-de-la-paz-mina-bornas-y-capilla-rusa\/\" class=\"sya_postlink post-18249\" rel=\"bookmark\">07-08-2022-Ruta de la Paz, mina , bornas y Capilla Rusa (Eslovenia)<\/a> <span class=\"sya_categories\"><span class=\"sya_bracket\">(<\/span>0-Muy f\u00e1cil, 1 - Hasta 5 km., Eslovenia, Mojones \/ Bornas otros pa\u00edses<span class=\"sya_bracket\">)<\/span><\/span><div style=\"padding-left:100px\" class=\"robots-nocontent\"><cite>Nuestra idea hoy era ir a Austria, a la zona de Arnoldstein (Austria), para subir al Monte Forno , ya que en ese punto hay lo que se llama un \u00abtripoint\u00bb, o sea un punto fronterizo de 3 pa\u00edses, en esta caso Austria, Italia y Eslovenia. Y elegimos llegar a \u00e9l desde el lado austr\u00edaco, [&hellip;]<\/cite><\/div><\/div><\/li><\/ul> <a id=\"year2020\"><\/a>2020 <span class=\"sya_yearcount\"><span class=\"sya_bracket\">(<\/span>1<span class=\"sya_bracket\">)<\/span><\/span> <ul><li class=\"\"><div class=\"sya_postcontent\"><span class=\"sya_date\">  <span class=\"sya_sep\"> <\/span><\/span><a href=\"https:\/\/www.carlosyconchita.net\/rutas\/10-07-2020-bornas-andorra-francia\/\" class=\"sya_postlink post-14644\" rel=\"bookmark\">10-07-2020-Bornas Andorra-Francia<\/a> <span class=\"sya_categories\"><span class=\"sya_bracket\">(<\/span>0-Muy f\u00e1cil, 1 - Hasta 5 km., Andorra, Mojones \/ Bornas otros pa\u00edses<span class=\"sya_bracket\">)<\/span><\/span><div style=\"padding-left:100px\" class=\"robots-nocontent\"><cite>Hoy nos acercamos al lago de Les Abelletes, en Andorra, cerca del Pas de la Casa, para ver las bornas o mojones fronterizos que se instalaron en 2019, entre Andorra y Francia, aunque s\u00f3lo en un peque\u00f1o tramo de la frontera entre los dos paises,\u00a0 aparentemente para asegurar el suministro de agua al Pas de [&hellip;]<\/cite><\/div><\/div><\/li><\/ul> <a id=\"year2013\"><\/a>2013 <span class=\"sya_yearcount\"><span class=\"sya_bracket\">(<\/span>1<span class=\"sya_bracket\">)<\/span><\/span> <ul><li class=\"\"><div class=\"sya_postcontent\"><span class=\"sya_date\">  <span class=\"sya_sep\"> <\/span><\/span><a href=\"https:\/\/www.carlosyconchita.net\/rutas\/16-08-2013-frontera-lituania-letonia\/\" class=\"sya_postlink post-19340\" rel=\"bookmark\">21-08-2013-Frontera Lituania-Letonia<\/a> <span class=\"sya_categories\"><span class=\"sya_bracket\">(<\/span>Mojones \/ Bornas otros pa\u00edses<span class=\"sya_bracket\">)<\/span><\/span><div style=\"padding-left:100px\" class=\"robots-nocontent\"><cite>&nbsp; En el verano de 2013 hicimos un viaje en coche a las Rep\u00fablicas B\u00e1lticas y como se puede suponer, pasamos por varias fronteras entre esos pa\u00edses. Pero en esas fechas, no ten\u00edamos ni idea de lo que eran los mojones o bornas fronterizas, as\u00ed que evidentemente no los busc\u00e1bamos. Pero mirando fotos antiguas, hemos [&hellip;]<\/cite><\/div><\/div><\/li><\/ul><\/div>\n","protected":false},"excerpt":{"rendered":"","protected":false},"author":50,"featured_media":0,"parent":0,"menu_order":0,"comment_status":"closed","ping_status":"closed","template":"","meta":{"footnotes":""},"class_list":["post-21685","page","type-page","status-publish","hentry","post"],"yoast_head":"<!-- This site is optimized with the Yoast SEO plugin v27.4 - https:\/\/yoast.com\/product\/yoast-seo-wordpress\/ -->\n<title>Bornas otros pa\u00edses - Las rutas de Carlos y Conchita<\/title>\n<meta name=\"robots\" content=\"index, follow, max-snippet:-1, max-image-preview:large, max-video-preview:-1\" \/>\n<link rel=\"canonical\" href=\"https:\/\/www.carlosyconchita.net\/rutas\/bornas-otros-paises\/\" \/>\n<meta property=\"og:locale\" content=\"es_ES\" \/>\n<meta property=\"og:type\" content=\"article\" \/>\n<meta property=\"og:title\" content=\"Bornas otros pa\u00edses - Las rutas de Carlos y Conchita\" \/>\n<meta property=\"og:url\" content=\"https:\/\/www.carlosyconchita.net\/rutas\/bornas-otros-paises\/\" \/>\n<meta property=\"og:site_name\" content=\"Las rutas de Carlos y Conchita\" \/>\n<meta name=\"twitter:label1\" content=\"Tiempo de lectura\" \/>\n\t<meta name=\"twitter:data1\" content=\"1 minuto\" \/>\n<script type=\"application\/ld+json\" class=\"yoast-schema-graph\">{\"@context\":\"https:\\\/\\\/schema.org\",\"@graph\":[{\"@type\":\"WebPage\",\"@id\":\"https:\\\/\\\/www.carlosyconchita.net\\\/rutas\\\/bornas-otros-paises\\\/\",\"url\":\"https:\\\/\\\/www.carlosyconchita.net\\\/rutas\\\/bornas-otros-paises\\\/\",\"name\":\"Bornas otros pa\u00edses - Las rutas de Carlos y Conchita\",\"isPartOf\":{\"@id\":\"https:\\\/\\\/www.carlosyconchita.net\\\/rutas\\\/#website\"},\"datePublished\":\"2026-03-02T18:05:58+00:00\",\"breadcrumb\":{\"@id\":\"https:\\\/\\\/www.carlosyconchita.net\\\/rutas\\\/bornas-otros-paises\\\/#breadcrumb\"},\"inLanguage\":\"es\",\"potentialAction\":[{\"@type\":\"ReadAction\",\"target\":[\"https:\\\/\\\/www.carlosyconchita.net\\\/rutas\\\/bornas-otros-paises\\\/\"]}]},{\"@type\":\"BreadcrumbList\",\"@id\":\"https:\\\/\\\/www.carlosyconchita.net\\\/rutas\\\/bornas-otros-paises\\\/#breadcrumb\",\"itemListElement\":[{\"@type\":\"ListItem\",\"position\":1,\"name\":\"Portada\",\"item\":\"https:\\\/\\\/www.carlosyconchita.net\\\/rutas\\\/\"},{\"@type\":\"ListItem\",\"position\":2,\"name\":\"Bornas otros pa\u00edses\"}]},{\"@type\":\"WebSite\",\"@id\":\"https:\\\/\\\/www.carlosyconchita.net\\\/rutas\\\/#website\",\"url\":\"https:\\\/\\\/www.carlosyconchita.net\\\/rutas\\\/\",\"name\":\"Las rutas de Carlos y Conchita\",\"description\":\"\",\"potentialAction\":[{\"@type\":\"SearchAction\",\"target\":{\"@type\":\"EntryPoint\",\"urlTemplate\":\"https:\\\/\\\/www.carlosyconchita.net\\\/rutas\\\/?s={search_term_string}\"},\"query-input\":{\"@type\":\"PropertyValueSpecification\",\"valueRequired\":true,\"valueName\":\"search_term_string\"}}],\"inLanguage\":\"es\"}]}<\/script>\n<!-- \/ Yoast SEO plugin. -->","yoast_head_json":{"title":"Bornas otros pa\u00edses - Las rutas de Carlos y Conchita","robots":{"index":"index","follow":"follow","max-snippet":"max-snippet:-1","max-image-preview":"max-image-preview:large","max-video-preview":"max-video-preview:-1"},"canonical":"https:\/\/www.carlosyconchita.net\/rutas\/bornas-otros-paises\/","og_locale":"es_ES","og_type":"article","og_title":"Bornas otros pa\u00edses - Las rutas de Carlos y Conchita","og_url":"https:\/\/www.carlosyconchita.net\/rutas\/bornas-otros-paises\/","og_site_name":"Las rutas de Carlos y Conchita","twitter_misc":{"Tiempo de lectura":"1 minuto"},"schema":{"@context":"https:\/\/schema.org","@graph":[{"@type":"WebPage","@id":"https:\/\/www.carlosyconchita.net\/rutas\/bornas-otros-paises\/","url":"https:\/\/www.carlosyconchita.net\/rutas\/bornas-otros-paises\/","name":"Bornas otros pa\u00edses - Las rutas de Carlos y Conchita","isPartOf":{"@id":"https:\/\/www.carlosyconchita.net\/rutas\/#website"},"datePublished":"2026-03-02T18:05:58+00:00","breadcrumb":{"@id":"https:\/\/www.carlosyconchita.net\/rutas\/bornas-otros-paises\/#breadcrumb"},"inLanguage":"es","potentialAction":[{"@type":"ReadAction","target":["https:\/\/www.carlosyconchita.net\/rutas\/bornas-otros-paises\/"]}]},{"@type":"BreadcrumbList","@id":"https:\/\/www.carlosyconchita.net\/rutas\/bornas-otros-paises\/#breadcrumb","itemListElement":[{"@type":"ListItem","position":1,"name":"Portada","item":"https:\/\/www.carlosyconchita.net\/rutas\/"},{"@type":"ListItem","position":2,"name":"Bornas otros pa\u00edses"}]},{"@type":"WebSite","@id":"https:\/\/www.carlosyconchita.net\/rutas\/#website","url":"https:\/\/www.carlosyconchita.net\/rutas\/","name":"Las rutas de Carlos y Conchita","description":"","potentialAction":[{"@type":"SearchAction","target":{"@type":"EntryPoint","urlTemplate":"https:\/\/www.carlosyconchita.net\/rutas\/?s={search_term_string}"},"query-input":{"@type":"PropertyValueSpecification","valueRequired":true,"valueName":"search_term_string"}}],"inLanguage":"es"}]}},"_links":{"self":[{"href":"https:\/\/www.carlosyconchita.net\/rutas\/wp-json\/wp\/v2\/pages\/21685","targetHints":{"allow":["GET"]}}],"collection":[{"href":"https:\/\/www.carlosyconchita.net\/rutas\/wp-json\/wp\/v2\/pages"}],"about":[{"href":"https:\/\/www.carlosyconchita.net\/rutas\/wp-json\/wp\/v2\/types\/page"}],"author":[{"embeddable":true,"href":"https:\/\/www.carlosyconchita.net\/rutas\/wp-json\/wp\/v2\/users\/50"}],"replies":[{"embeddable":true,"href":"https:\/\/www.carlosyconchita.net\/rutas\/wp-json\/wp\/v2\/comments?post=21685"}],"version-history":[{"count":1,"href":"https:\/\/www.carlosyconchita.net\/rutas\/wp-json\/wp\/v2\/pages\/21685\/revisions"}],"predecessor-version":[{"id":21686,"href":"https:\/\/www.carlosyconchita.net\/rutas\/wp-json\/wp\/v2\/pages\/21685\/revisions\/21686"}],"wp:attachment":[{"href":"https:\/\/www.carlosyconchita.net\/rutas\/wp-json\/wp\/v2\/media?parent=21685"}],"curies":[{"name":"wp","href":"https:\/\/api.w.org\/{rel}","templated":true}]}}