{"id":21752,"date":"2021-09-11T19:44:26","date_gmt":"2021-09-11T18:44:26","guid":{"rendered":"https:\/\/www.carlosyconchita.net\/rutas\/?page_id=21752"},"modified":"2026-03-17T17:29:28","modified_gmt":"2026-03-17T16:29:28","slug":"bornas-llivia-2-tour","status":"publish","type":"page","link":"https:\/\/www.carlosyconchita.net\/rutas\/bornas-llivia-2-tour\/","title":{"rendered":"Bornas Ll\u00edvia &#8211; 2"},"content":{"rendered":"<div id=\"pl-21752\"  class=\"panel-layout\" ><div id=\"pg-21752-0\"  class=\"panel-grid panel-no-style\" ><div id=\"pgc-21752-0-0\"  class=\"panel-grid-cell\" ><div id=\"panel-21752-0-0-0\" class=\"so-panel widget widget_sow-editor panel-first-child panel-last-child\" data-index=\"0\" ><div\n\t\t\t\n\t\t\tclass=\"so-widget-sow-editor so-widget-sow-editor-base\"\n\t\t\t\n\t\t>\n<div class=\"siteorigin-widget-tinymce textwidget\">\n\t<div id=\"pgc-16306-3-1\" class=\"panel-grid-cell\">\n<div id=\"panel-16306-3-1-0\" class=\"so-panel widget widget_sow-editor panel-first-child panel-last-child\" data-index=\"10\">\n<div class=\"panel-widget-style panel-widget-style-for-16306-3-1-0\">\n<div class=\"so-widget-sow-editor so-widget-sow-editor-base\">\n<div class=\"siteorigin-widget-tinymce textwidget\">\n<p style=\"text-align: justify;\">En mayo de 2025 tuvimos la agradable visita de Eef y de Anjo que vinieron a pasar unos d\u00edas con nosotros, primero en Barcelona y despu\u00e9s en Saillagossa.<br \/>\nAprovechando que estaba Anjo, Eef propuso ense\u00f1arle algunas de las bornas o mojones fronterizos que ten\u00edamos cerca, as\u00ed que elegimos varias de las que delimitan la zona de Ll\u00edvia, concretamente los n\u00fameros 31 al 44, en una f\u00e1cil caminata , aunque con dificultades para poder localizar las bornas, debido a la maleza, arbustos y el poco o mejor dicho nulo mantenimiento que se hacen de las mismas, para que Anjo pudiera apreciar algo de \"nuestro trabajo\" de estos a\u00f1os buscando las bornas de la frontera entre Espa\u00f1a y Francia.<\/p>\n<p style=\"text-align: justify;\">A raiz de esta visita, Eef nos propuso como \"padrinos\" de las bornas de Ll\u00edvia, para que las \"cuid\u00e1ramos\" y vigil\u00e1ramos, cosa que evidentemente no podemos hacer (lo de cuidarlas...)\u00a0 , pero s\u00ed que nos propusimos , con calma y sin ninguna prisa, volver a hacerlas todas por segunda vez, ya que en la zona de la Cerdanya hemos hecho casi todas las excursiones posibles, y actualmente casi siempre tenemos que repetir alguna ya hecha anteriormente, y puestos a caminar, es lo mismo repetir una excursi\u00f3n a Les Angles, por ejemplo, que repetir una de bornas.<\/p>\n<p style=\"text-align: justify;\">As\u00ed que hemos a\u00f1adido en nuestra web esta nueva categor\u00eda, la de Bornas o mojones de Ll\u00edvia - 2\u00a0 para tener localizadas esta segunda serie de caminatas .<\/p>\n<p style=\"text-align: justify;\">Queremos tambi\u00e9n indicar, que estas bornas o mojones de Ll\u00edvia, tienen grabado en casa lado las iniciales de las poblaciones correspondientes, en este caso en un lado siempre pone \"LL\" (de Ll\u00edvia), y en el otro , por ejemplo \"S\" (de Saillagosa), y que la mayor\u00eda de ella est\u00e1n en muy mal estado, con la piedra \"descompuesta\" o rota, tapadas por vegetaci\u00f3n y zarzas, etc.\u00a0 y ya que la primera vez tuvimos mucho trabajo para poder hacer las fotos desde los dos lados, o en quitar tierra para poder ver el n\u00famero, esta segunda vez no nos vamos a obsesionar con limpiarlas y despejar la tierra, y haremos solamente las fotos necesarias para poder ver el n\u00famero de la borna.<\/p>\n<hr \/>\n<p>&nbsp;<\/p>\n<\/div>\n<\/div>\n<\/div>\n<\/div>\n<\/div>\n<\/div>\n<\/div><\/div><\/div><\/div><div id=\"pg-21752-1\"  class=\"panel-grid panel-no-style\" ><div id=\"pgc-21752-1-0\"  class=\"panel-grid-cell\" ><div id=\"panel-21752-1-0-0\" class=\"so-panel widget widget_sow-editor panel-first-child panel-last-child\" data-index=\"1\" ><div\n\t\t\t\n\t\t\tclass=\"so-widget-sow-editor so-widget-sow-editor-base\"\n\t\t\t\n\t\t><h3 class=\"widget-title\">Informaci\u00f3n general<\/h3>\n<div class=\"siteorigin-widget-tinymce textwidget\">\n\t<p><a href=\"https:\/\/www.carlosyconchita.net\/rutas\/bornas-es-fr-informacion\/\" target=\"_blank\" rel=\"noopener\"><img loading=\"lazy\" decoding=\"async\" class=\"aligncenter wp-image-16482\" src=\"https:\/\/www.carlosyconchita.net\/rutas\/wp-content\/uploads\/2021\/09\/info.jpg\" alt=\"\" width=\"180\" height=\"180\" srcset=\"https:\/\/www.carlosyconchita.net\/rutas\/wp-content\/uploads\/2021\/09\/info.jpg 225w, https:\/\/www.carlosyconchita.net\/rutas\/wp-content\/uploads\/2021\/09\/info-120x120.jpg 120w\" sizes=\"auto, (max-width: 180px) 100vw, 180px\" \/><\/a><\/p>\n<p>&nbsp;<\/p>\n<\/div>\n<\/div><\/div><\/div><div id=\"pgc-21752-1-1\"  class=\"panel-grid-cell\" ><div id=\"panel-21752-1-1-0\" class=\"so-panel widget widget_sow-editor panel-first-child panel-last-child\" data-index=\"2\" ><div\n\t\t\t\n\t\t\tclass=\"so-widget-sow-editor so-widget-sow-editor-base\"\n\t\t\t\n\t\t><h3 class=\"widget-title\">Rutas realizadas<\/h3>\n<div class=\"siteorigin-widget-tinymce textwidget\">\n\t<p><a href=\"https:\/\/www.carlosyconchita.net\/rutas\/bornas-llivia-indice-2-tour\/\" target=\"_blank\" rel=\"noopener\"><img loading=\"lazy\" decoding=\"async\" class=\"aligncenter wp-image-16463\" src=\"https:\/\/www.carlosyconchita.net\/rutas\/wp-content\/uploads\/2021\/09\/senderismo.png\" alt=\"\" width=\"180\" height=\"180\" srcset=\"https:\/\/www.carlosyconchita.net\/rutas\/wp-content\/uploads\/2021\/09\/senderismo.png 225w, https:\/\/www.carlosyconchita.net\/rutas\/wp-content\/uploads\/2021\/09\/senderismo-120x120.png 120w\" sizes=\"auto, (max-width: 180px) 100vw, 180px\" \/><\/a><\/p>\n<\/div>\n<\/div><\/div><\/div><div id=\"pgc-21752-1-2\"  class=\"panel-grid-cell\" ><div id=\"panel-21752-1-2-0\" class=\"so-panel widget widget_sow-editor panel-first-child panel-last-child\" data-index=\"3\" ><div\n\t\t\t\n\t\t\tclass=\"so-widget-sow-editor so-widget-sow-editor-base\"\n\t\t\t\n\t\t><h3 class=\"widget-title\">Fotos de las bornas<\/h3>\n<div class=\"siteorigin-widget-tinymce textwidget\">\n\t<p><a href=\"https:\/\/www.carlosyconchita.net\/rutas\/bornas-llivia-fotos\/\"><img loading=\"lazy\" decoding=\"async\" class=\"size-medium wp-image-21626 aligncenter\" src=\"https:\/\/www.carlosyconchita.net\/rutas\/wp-content\/uploads\/2026\/02\/IMG_20260130_113015-300x169.jpg\" alt=\"\" width=\"300\" height=\"169\" srcset=\"https:\/\/www.carlosyconchita.net\/rutas\/wp-content\/uploads\/2026\/02\/IMG_20260130_113015-300x169.jpg 300w, https:\/\/www.carlosyconchita.net\/rutas\/wp-content\/uploads\/2026\/02\/IMG_20260130_113015-600x338.jpg 600w, https:\/\/www.carlosyconchita.net\/rutas\/wp-content\/uploads\/2026\/02\/IMG_20260130_113015-768x433.jpg 768w, https:\/\/www.carlosyconchita.net\/rutas\/wp-content\/uploads\/2026\/02\/IMG_20260130_113015.jpg 1024w\" sizes=\"auto, (max-width: 300px) 100vw, 300px\" \/><\/a><\/p>\n<\/div>\n<\/div><\/div><\/div><\/div><div id=\"pg-21752-2\"  class=\"panel-grid panel-no-style\" ><div id=\"pgc-21752-2-0\"  class=\"panel-grid-cell\" ><div id=\"panel-21752-2-0-0\" class=\"so-panel widget widget_sow-editor panel-first-child panel-last-child\" data-index=\"4\" ><div\n\t\t\t\n\t\t\tclass=\"so-widget-sow-editor so-widget-sow-editor-base\"\n\t\t\t\n\t\t><h3 class=\"widget-title\">Mapa de las bornas<\/h3>\n<div class=\"siteorigin-widget-tinymce textwidget\">\n\t<p><a href=\"https:\/\/www.carlosyconchita.net\/rutas\/bornas-llivia-mapa\/\" target=\"_blank\" rel=\"noopener\"><img loading=\"lazy\" decoding=\"async\" class=\"aligncenter wp-image-16466\" src=\"https:\/\/www.carlosyconchita.net\/rutas\/wp-content\/uploads\/2021\/09\/mapa2.jpg\" alt=\"\" width=\"180\" height=\"180\" srcset=\"https:\/\/www.carlosyconchita.net\/rutas\/wp-content\/uploads\/2021\/09\/mapa2.jpg 225w, https:\/\/www.carlosyconchita.net\/rutas\/wp-content\/uploads\/2021\/09\/mapa2-120x120.jpg 120w\" sizes=\"auto, (max-width: 180px) 100vw, 180px\" \/><\/a><\/p>\n<\/div>\n<\/div><\/div><\/div><div id=\"pgc-21752-2-1\"  class=\"panel-grid-cell panel-grid-cell-empty\" ><\/div><div id=\"pgc-21752-2-2\"  class=\"panel-grid-cell\" ><div id=\"panel-21752-2-2-0\" class=\"so-panel widget widget_sow-editor panel-first-child panel-last-child\" data-index=\"5\" ><div\n\t\t\t\n\t\t\tclass=\"so-widget-sow-editor so-widget-sow-editor-base\"\n\t\t\t\n\t\t><h3 class=\"widget-title\">Enlaces varios<\/h3>\n<div class=\"siteorigin-widget-tinymce textwidget\">\n\t<p><a href=\"https:\/\/www.carlosyconchita.net\/rutas\/bornas-es-fr-enlaces\/\" target=\"_blank\" rel=\"noopener\"><img loading=\"lazy\" decoding=\"async\" class=\"aligncenter wp-image-16473\" src=\"https:\/\/www.carlosyconchita.net\/rutas\/wp-content\/uploads\/2021\/09\/link.jpg\" alt=\"\" width=\"150\" height=\"150\" srcset=\"https:\/\/www.carlosyconchita.net\/rutas\/wp-content\/uploads\/2021\/09\/link.jpg 225w, https:\/\/www.carlosyconchita.net\/rutas\/wp-content\/uploads\/2021\/09\/link-120x120.jpg 120w\" sizes=\"auto, (max-width: 150px) 100vw, 150px\" \/><\/a><\/p>\n<\/div>\n<\/div><\/div><\/div><\/div><\/div>","protected":false},"excerpt":{"rendered":"<p>En mayo de 2025 tuvimos la agradable visita de Eef y de Anjo que vinieron a pasar unos d\u00edas con nosotros, primero en Barcelona y despu\u00e9s en Saillagossa. Aprovechando que estaba Anjo, Eef propuso ense\u00f1arle algunas de las bornas o mojones fronterizos que ten\u00edamos cerca, as\u00ed que elegimos varias de las que delimitan la zona [&hellip;]<\/p>\n","protected":false},"author":50,"featured_media":0,"parent":0,"menu_order":0,"comment_status":"closed","ping_status":"closed","template":"templates\/template-full.php","meta":{"footnotes":""},"class_list":["post-21752","page","type-page","status-publish","hentry","post"],"yoast_head":"<!-- This site is optimized with the Yoast SEO plugin v27.4 - https:\/\/yoast.com\/product\/yoast-seo-wordpress\/ -->\n<title>Bornas Ll\u00edvia - 2 - Las rutas de Carlos y Conchita<\/title>\n<meta name=\"robots\" content=\"index, follow, max-snippet:-1, max-image-preview:large, max-video-preview:-1\" \/>\n<link rel=\"canonical\" href=\"https:\/\/www.carlosyconchita.net\/rutas\/bornas-llivia-2-tour\/\" \/>\n<meta property=\"og:locale\" content=\"es_ES\" \/>\n<meta property=\"og:type\" content=\"article\" \/>\n<meta property=\"og:title\" content=\"Bornas Ll\u00edvia - 2 - Las rutas de Carlos y Conchita\" \/>\n<meta property=\"og:description\" content=\"En mayo de 2025 tuvimos la agradable visita de Eef y de Anjo que vinieron a pasar unos d\u00edas con nosotros, primero en Barcelona y despu\u00e9s en Saillagossa. Aprovechando que estaba Anjo, Eef propuso ense\u00f1arle algunas de las bornas o mojones fronterizos que ten\u00edamos cerca, as\u00ed que elegimos varias de las que delimitan la zona [&hellip;]\" \/>\n<meta property=\"og:url\" content=\"https:\/\/www.carlosyconchita.net\/rutas\/bornas-llivia-2-tour\/\" \/>\n<meta property=\"og:site_name\" content=\"Las rutas de Carlos y Conchita\" \/>\n<meta property=\"article:modified_time\" content=\"2026-03-17T16:29:28+00:00\" \/>\n<meta property=\"og:image\" content=\"https:\/\/www.carlosyconchita.net\/rutas\/wp-content\/uploads\/2021\/09\/info.jpg\" \/>\n\t<meta property=\"og:image:width\" content=\"225\" \/>\n\t<meta property=\"og:image:height\" content=\"225\" \/>\n\t<meta property=\"og:image:type\" content=\"image\/jpeg\" \/>\n<meta name=\"twitter:label1\" content=\"Tiempo de lectura\" \/>\n\t<meta name=\"twitter:data1\" content=\"3 minutos\" \/>\n<script type=\"application\/ld+json\" class=\"yoast-schema-graph\">{\"@context\":\"https:\\\/\\\/schema.org\",\"@graph\":[{\"@type\":\"WebPage\",\"@id\":\"https:\\\/\\\/www.carlosyconchita.net\\\/rutas\\\/bornas-llivia-2-tour\\\/\",\"url\":\"https:\\\/\\\/www.carlosyconchita.net\\\/rutas\\\/bornas-llivia-2-tour\\\/\",\"name\":\"Bornas Ll\u00edvia - 2 - Las rutas de Carlos y Conchita\",\"isPartOf\":{\"@id\":\"https:\\\/\\\/www.carlosyconchita.net\\\/rutas\\\/#website\"},\"primaryImageOfPage\":{\"@id\":\"https:\\\/\\\/www.carlosyconchita.net\\\/rutas\\\/bornas-llivia-2-tour\\\/#primaryimage\"},\"image\":{\"@id\":\"https:\\\/\\\/www.carlosyconchita.net\\\/rutas\\\/bornas-llivia-2-tour\\\/#primaryimage\"},\"thumbnailUrl\":\"https:\\\/\\\/www.carlosyconchita.net\\\/rutas\\\/wp-content\\\/uploads\\\/2021\\\/09\\\/info.jpg\",\"datePublished\":\"2021-09-11T18:44:26+00:00\",\"dateModified\":\"2026-03-17T16:29:28+00:00\",\"breadcrumb\":{\"@id\":\"https:\\\/\\\/www.carlosyconchita.net\\\/rutas\\\/bornas-llivia-2-tour\\\/#breadcrumb\"},\"inLanguage\":\"es\",\"potentialAction\":[{\"@type\":\"ReadAction\",\"target\":[\"https:\\\/\\\/www.carlosyconchita.net\\\/rutas\\\/bornas-llivia-2-tour\\\/\"]}]},{\"@type\":\"ImageObject\",\"inLanguage\":\"es\",\"@id\":\"https:\\\/\\\/www.carlosyconchita.net\\\/rutas\\\/bornas-llivia-2-tour\\\/#primaryimage\",\"url\":\"https:\\\/\\\/www.carlosyconchita.net\\\/rutas\\\/wp-content\\\/uploads\\\/2021\\\/09\\\/info.jpg\",\"contentUrl\":\"https:\\\/\\\/www.carlosyconchita.net\\\/rutas\\\/wp-content\\\/uploads\\\/2021\\\/09\\\/info.jpg\",\"width\":225,\"height\":225},{\"@type\":\"BreadcrumbList\",\"@id\":\"https:\\\/\\\/www.carlosyconchita.net\\\/rutas\\\/bornas-llivia-2-tour\\\/#breadcrumb\",\"itemListElement\":[{\"@type\":\"ListItem\",\"position\":1,\"name\":\"Portada\",\"item\":\"https:\\\/\\\/www.carlosyconchita.net\\\/rutas\\\/\"},{\"@type\":\"ListItem\",\"position\":2,\"name\":\"Bornas Ll\u00edvia &#8211; 2\"}]},{\"@type\":\"WebSite\",\"@id\":\"https:\\\/\\\/www.carlosyconchita.net\\\/rutas\\\/#website\",\"url\":\"https:\\\/\\\/www.carlosyconchita.net\\\/rutas\\\/\",\"name\":\"Las rutas de Carlos y Conchita\",\"description\":\"\",\"potentialAction\":[{\"@type\":\"SearchAction\",\"target\":{\"@type\":\"EntryPoint\",\"urlTemplate\":\"https:\\\/\\\/www.carlosyconchita.net\\\/rutas\\\/?s={search_term_string}\"},\"query-input\":{\"@type\":\"PropertyValueSpecification\",\"valueRequired\":true,\"valueName\":\"search_term_string\"}}],\"inLanguage\":\"es\"}]}<\/script>\n<!-- \/ Yoast SEO plugin. -->","yoast_head_json":{"title":"Bornas Ll\u00edvia - 2 - Las rutas de Carlos y Conchita","robots":{"index":"index","follow":"follow","max-snippet":"max-snippet:-1","max-image-preview":"max-image-preview:large","max-video-preview":"max-video-preview:-1"},"canonical":"https:\/\/www.carlosyconchita.net\/rutas\/bornas-llivia-2-tour\/","og_locale":"es_ES","og_type":"article","og_title":"Bornas Ll\u00edvia - 2 - Las rutas de Carlos y Conchita","og_description":"En mayo de 2025 tuvimos la agradable visita de Eef y de Anjo que vinieron a pasar unos d\u00edas con nosotros, primero en Barcelona y despu\u00e9s en Saillagossa. Aprovechando que estaba Anjo, Eef propuso ense\u00f1arle algunas de las bornas o mojones fronterizos que ten\u00edamos cerca, as\u00ed que elegimos varias de las que delimitan la zona [&hellip;]","og_url":"https:\/\/www.carlosyconchita.net\/rutas\/bornas-llivia-2-tour\/","og_site_name":"Las rutas de Carlos y Conchita","article_modified_time":"2026-03-17T16:29:28+00:00","og_image":[{"width":225,"height":225,"url":"https:\/\/www.carlosyconchita.net\/rutas\/wp-content\/uploads\/2021\/09\/info.jpg","type":"image\/jpeg"}],"twitter_misc":{"Tiempo de lectura":"3 minutos"},"schema":{"@context":"https:\/\/schema.org","@graph":[{"@type":"WebPage","@id":"https:\/\/www.carlosyconchita.net\/rutas\/bornas-llivia-2-tour\/","url":"https:\/\/www.carlosyconchita.net\/rutas\/bornas-llivia-2-tour\/","name":"Bornas Ll\u00edvia - 2 - Las rutas de Carlos y Conchita","isPartOf":{"@id":"https:\/\/www.carlosyconchita.net\/rutas\/#website"},"primaryImageOfPage":{"@id":"https:\/\/www.carlosyconchita.net\/rutas\/bornas-llivia-2-tour\/#primaryimage"},"image":{"@id":"https:\/\/www.carlosyconchita.net\/rutas\/bornas-llivia-2-tour\/#primaryimage"},"thumbnailUrl":"https:\/\/www.carlosyconchita.net\/rutas\/wp-content\/uploads\/2021\/09\/info.jpg","datePublished":"2021-09-11T18:44:26+00:00","dateModified":"2026-03-17T16:29:28+00:00","breadcrumb":{"@id":"https:\/\/www.carlosyconchita.net\/rutas\/bornas-llivia-2-tour\/#breadcrumb"},"inLanguage":"es","potentialAction":[{"@type":"ReadAction","target":["https:\/\/www.carlosyconchita.net\/rutas\/bornas-llivia-2-tour\/"]}]},{"@type":"ImageObject","inLanguage":"es","@id":"https:\/\/www.carlosyconchita.net\/rutas\/bornas-llivia-2-tour\/#primaryimage","url":"https:\/\/www.carlosyconchita.net\/rutas\/wp-content\/uploads\/2021\/09\/info.jpg","contentUrl":"https:\/\/www.carlosyconchita.net\/rutas\/wp-content\/uploads\/2021\/09\/info.jpg","width":225,"height":225},{"@type":"BreadcrumbList","@id":"https:\/\/www.carlosyconchita.net\/rutas\/bornas-llivia-2-tour\/#breadcrumb","itemListElement":[{"@type":"ListItem","position":1,"name":"Portada","item":"https:\/\/www.carlosyconchita.net\/rutas\/"},{"@type":"ListItem","position":2,"name":"Bornas Ll\u00edvia &#8211; 2"}]},{"@type":"WebSite","@id":"https:\/\/www.carlosyconchita.net\/rutas\/#website","url":"https:\/\/www.carlosyconchita.net\/rutas\/","name":"Las rutas de Carlos y Conchita","description":"","potentialAction":[{"@type":"SearchAction","target":{"@type":"EntryPoint","urlTemplate":"https:\/\/www.carlosyconchita.net\/rutas\/?s={search_term_string}"},"query-input":{"@type":"PropertyValueSpecification","valueRequired":true,"valueName":"search_term_string"}}],"inLanguage":"es"}]}},"_links":{"self":[{"href":"https:\/\/www.carlosyconchita.net\/rutas\/wp-json\/wp\/v2\/pages\/21752","targetHints":{"allow":["GET"]}}],"collection":[{"href":"https:\/\/www.carlosyconchita.net\/rutas\/wp-json\/wp\/v2\/pages"}],"about":[{"href":"https:\/\/www.carlosyconchita.net\/rutas\/wp-json\/wp\/v2\/types\/page"}],"author":[{"embeddable":true,"href":"https:\/\/www.carlosyconchita.net\/rutas\/wp-json\/wp\/v2\/users\/50"}],"replies":[{"embeddable":true,"href":"https:\/\/www.carlosyconchita.net\/rutas\/wp-json\/wp\/v2\/comments?post=21752"}],"version-history":[{"count":3,"href":"https:\/\/www.carlosyconchita.net\/rutas\/wp-json\/wp\/v2\/pages\/21752\/revisions"}],"predecessor-version":[{"id":21781,"href":"https:\/\/www.carlosyconchita.net\/rutas\/wp-json\/wp\/v2\/pages\/21752\/revisions\/21781"}],"wp:attachment":[{"href":"https:\/\/www.carlosyconchita.net\/rutas\/wp-json\/wp\/v2\/media?parent=21752"}],"curies":[{"name":"wp","href":"https:\/\/api.w.org\/{rel}","templated":true}]}}