{"id":37,"date":"2012-09-01T19:08:46","date_gmt":"2012-09-01T17:08:46","guid":{"rendered":"http:\/\/www.carlosyconchita.net\/rutas\/?page_id=37"},"modified":"2026-03-02T16:09:34","modified_gmt":"2026-03-02T15:09:34","slug":"pagina-de-inicio","status":"publish","type":"page","link":"https:\/\/www.carlosyconchita.net\/rutas\/pagina-de-inicio\/","title":{"rendered":"Nosotros"},"content":{"rendered":"<p style=\"text-align: justify;\">\u00a0<a href=\"http:\/\/www.carlosyconchita.net\/rutas\/wp-content\/uploads\/2012\/09\/DSC04413.jpg\"><img loading=\"lazy\" decoding=\"async\" class=\"alignnone size-thumbnail wp-image-298\" title=\"DSC04413\" src=\"http:\/\/www.carlosyconchita.net\/rutas\/wp-content\/uploads\/2012\/09\/DSC04413-150x150.jpg\" alt=\"\" width=\"150\" height=\"150\" srcset=\"https:\/\/www.carlosyconchita.net\/rutas\/wp-content\/uploads\/2012\/09\/DSC04413-150x150.jpg 150w, https:\/\/www.carlosyconchita.net\/rutas\/wp-content\/uploads\/2012\/09\/DSC04413-300x300.jpg 300w, https:\/\/www.carlosyconchita.net\/rutas\/wp-content\/uploads\/2012\/09\/DSC04413-120x120.jpg 120w, https:\/\/www.carlosyconchita.net\/rutas\/wp-content\/uploads\/2012\/09\/DSC04413.jpg 441w\" sizes=\"auto, (max-width: 150px) 100vw, 150px\" \/><\/a><a href=\"http:\/\/www.carlosyconchita.net\/rutas\/wp-content\/uploads\/2012\/09\/DSC05186.jpg\"><img loading=\"lazy\" decoding=\"async\" class=\"alignnone size-thumbnail wp-image-294\" title=\"DSC05186\" src=\"http:\/\/www.carlosyconchita.net\/rutas\/wp-content\/uploads\/2012\/09\/DSC05186-150x150.jpg\" alt=\"\" width=\"150\" height=\"150\" srcset=\"https:\/\/www.carlosyconchita.net\/rutas\/wp-content\/uploads\/2012\/09\/DSC05186-150x150.jpg 150w, https:\/\/www.carlosyconchita.net\/rutas\/wp-content\/uploads\/2012\/09\/DSC05186-300x300.jpg 300w, https:\/\/www.carlosyconchita.net\/rutas\/wp-content\/uploads\/2012\/09\/DSC05186-120x120.jpg 120w, https:\/\/www.carlosyconchita.net\/rutas\/wp-content\/uploads\/2012\/09\/DSC05186.jpg 441w\" sizes=\"auto, (max-width: 150px) 100vw, 150px\" \/><\/a><\/p>\n<p><strong><span style=\"color: #339966;\">Actualizaci\u00f3n abril-2016<\/span><\/strong><\/p>\n<p style=\"text-align: justify;\">En el a\u00f1o 2015 vimos por casualidad el primer moj\u00f3n o borna de la frontera hispano-francesa, y el en 2016 empezamos a buscar los que ten\u00edamos cerca de nuestro apartamente en la Cerdanya Francesa, con la idea de buscar todos los de esta zona.<br \/>\nPosteriormente ampliamos la b\u00fasqueda a la provincia de Girona, m\u00e1s adelante ampliamos a los de Catalunya, despu\u00e9s a &#8230;<\/p>\n<p style=\"text-align: justify;\">Y finalmente , en el a\u00f1o 2020 decidimos tomarnos en serio esto, y iniciar la aventura de intentar localizar todas las bornas o mojones de la frontera, desde el n\u00famero 1 situado en Guip\u00fazcoa, hasta el 602 situado en la costa mediterr\u00e1nea.<\/p>\n<p style=\"text-align: justify;\">Y mientras tanto, el dia 5 de agosto de 2018, hab\u00edamos ya localizamos todas las\u00a0 bornas o mojones de Ll\u00edvia.<\/p>\n<p><strong><span style=\"color: #339966;\">Septiembre-2012<\/span><\/strong><\/p>\n<p style=\"text-align: justify;\">Aunque en todos nuestros viajes, siempre nos hab\u00edamos apuntado a todas las excursiones, caminatas, o subiamos a todas las torres, campanarios o basilicas que encontr\u00e1bamos, , hasta hace unos\u00a0 2-3 a\u00f1os no nos habiamos dedicado a hacer excursiones y rutas por la monta\u00f1a en \u00abserio\u00bb,\u00a0 especialmente por la Cerdanya francesa, debido a que tenemos un peque\u00f1o apartamento en Saillagosa, poblaci\u00f3n francesa situada a 8 km. de Puigcerd\u00e1.<\/p>\n<p style=\"text-align: justify;\">Posteriormente nos compramos un GPS para poder grabar nuestras rutas , o poder seguir las que nos gustaban de Wikiloc , o las que buscamos por la zona, en especial en las \u00abMaison du Tourisme\u00bb de las diversas poblaciones, en las que podemos encontrar folletos, libritos, etc.<\/p>\n<p style=\"text-align: justify;\">No nos limitamos \u00fanicamente a las rutas por monta\u00f1a, sino que tambi\u00e9n hacemos sencillas caminatas por los pueblos de la zona, para intentar pasar por todos ellos, y poderlos \u00abunir\u00bb sobre el mapa, cosa que ya estamos casi consiguiendo.<\/p>\n<p style=\"text-align: justify;\">El siguiente paso fu\u00e9 publicar las rutas en la citada web de Wikiloc, y publicar este blog, que iremos completando, ya que en estos momentos (mediados septiembre de 2012), tenemos realizadas y pendientes de publicar alrededor de 50 rutas, lo cual nos llevar\u00e1 algo de tiempo&#8230;<\/p>\n<p style=\"text-align: justify;\">La estructura del mismo es la t\u00edpica de este tipo de p\u00e1ginas, con la clasificaci\u00f3n por meses, categorias (en nuestro caso, zonas geogr\u00e0ficas y dificultad),\u00a0 \u00faltimas publicadas,\u00a0 posibilidad de buscar por nombre,\u00a0 etc. etc.<\/p>\n<p style=\"text-align: justify;\">Aparte hemos puesto un par de p\u00e1ginas para completar la informaci\u00f3n, que son :<\/p>\n<p>&#8211;<strong>P\u00e1gina \u00abNosotros \u00ab<\/strong> : la que est\u00e1s leyendo ahora.<\/p>\n<p style=\"text-align: justify;\"><strong>-P\u00e1gina \u00abIndice rutas \u00ab<\/strong> : es una lista por fechas de las rutas, con un peque\u00f1o resumen de los detalles de nombre, recorrido, altura, y dificultad.<\/p>\n<p style=\"text-align: justify;\"><strong>-P\u00e1gina \u00abObservaciones\u00a0 \u00ab<\/strong> :\u00a0\u00a0\u00a0 si has llegado hasta aqu\u00ed, lee por favor esta p\u00e1gina, servir\u00e1 para aclarar\u00a0 los datos de resumen que ponemos en cada ruta.<\/p>\n<p style=\"text-align: justify;\">Por ultimo, en cada ruta hay un<span style=\"color: #ff0000;\"> enlace al track<\/span> de la misma en la web de Wikiloc, un enlace al <span style=\"color: #ff0000;\">album completo<\/span> de fotos de esa ruta, y la opci\u00f3n de grabar un <span style=\"color: #ff0000;\">fichero PDF<\/span> de la ruta, con o sin las im\u00e1genes.<\/p>\n<p style=\"text-align: justify;\">Esperamos que os gusten, que os puedan ser de utilidad, y que alg\u00fan d\u00eda os decidais a realizar alguna de ellas, y por supuesto , se acepta cualquier tipo de comentario sobre las mismas.<\/p>\n<p style=\"text-align: justify;\">Podeis dejar alg\u00fan comentario directamente en las rutas este blog, o enviarnos un mensaje en el apartado <strong>\u00a0<a title=\"Contacta con nosotros\u2026\" href=\"http:\/\/www.carlosyconchita.net\/rutas\/contacto\" target=\"_blank\" rel=\"noopener noreferrer\">\u00abContacto\u00bb<\/a><\/strong> , del men\u00fa principal<\/p>\n<p style=\"text-align: justify;\">Saludos<\/p>\n<p style=\"text-align: justify;\">Carlos y Conchita<\/p>\n<p style=\"text-align: justify;\">Septiembre-2012<\/p>\n<hr \/>\n<hr \/>\n<h3>Licencia federativa 2026<\/h3>\n<p>&nbsp;<\/p>\n<h3><img loading=\"lazy\" decoding=\"async\" class=\"size-medium wp-image-21675 aligncenter\" src=\"https:\/\/www.carlosyconchita.net\/rutas\/wp-content\/uploads\/2026\/03\/Licencia-2026-300x190.jpg\" alt=\"\" width=\"300\" height=\"190\" srcset=\"https:\/\/www.carlosyconchita.net\/rutas\/wp-content\/uploads\/2026\/03\/Licencia-2026-300x190.jpg 300w, https:\/\/www.carlosyconchita.net\/rutas\/wp-content\/uploads\/2026\/03\/Licencia-2026-600x380.jpg 600w, https:\/\/www.carlosyconchita.net\/rutas\/wp-content\/uploads\/2026\/03\/Licencia-2026-768x487.jpg 768w, https:\/\/www.carlosyconchita.net\/rutas\/wp-content\/uploads\/2026\/03\/Licencia-2026.jpg 981w\" sizes=\"auto, (max-width: 300px) 100vw, 300px\" \/><\/h3>\n<h3><\/h3>\n<h3><\/h3>\n<h3>Licencia federativa 2025<\/h3>\n<p><img loading=\"lazy\" decoding=\"async\" class=\"aligncenter wp-image-20561 size-medium\" src=\"https:\/\/www.carlosyconchita.net\/rutas\/wp-content\/uploads\/2025\/01\/licencia-2025-300x192.jpg\" alt=\"\" width=\"300\" height=\"192\" srcset=\"https:\/\/www.carlosyconchita.net\/rutas\/wp-content\/uploads\/2025\/01\/licencia-2025-300x192.jpg 300w, https:\/\/www.carlosyconchita.net\/rutas\/wp-content\/uploads\/2025\/01\/licencia-2025-600x384.jpg 600w, https:\/\/www.carlosyconchita.net\/rutas\/wp-content\/uploads\/2025\/01\/licencia-2025-768x491.jpg 768w, https:\/\/www.carlosyconchita.net\/rutas\/wp-content\/uploads\/2025\/01\/licencia-2025.jpg 1024w\" sizes=\"auto, (max-width: 300px) 100vw, 300px\" \/><\/p>\n<h3><\/h3>\n<h3>Licencia federativa 2024<\/h3>\n<p><img loading=\"lazy\" decoding=\"async\" class=\"aligncenter wp-image-19467 size-medium\" src=\"https:\/\/www.carlosyconchita.net\/rutas\/wp-content\/uploads\/2024\/01\/feec-2024-300x190.jpg\" alt=\"\" width=\"300\" height=\"190\" srcset=\"https:\/\/www.carlosyconchita.net\/rutas\/wp-content\/uploads\/2024\/01\/feec-2024-300x190.jpg 300w, https:\/\/www.carlosyconchita.net\/rutas\/wp-content\/uploads\/2024\/01\/feec-2024-600x381.jpg 600w, https:\/\/www.carlosyconchita.net\/rutas\/wp-content\/uploads\/2024\/01\/feec-2024-768x488.jpg 768w, https:\/\/www.carlosyconchita.net\/rutas\/wp-content\/uploads\/2024\/01\/feec-2024.jpg 827w\" sizes=\"auto, (max-width: 300px) 100vw, 300px\" \/><\/p>\n<p>&nbsp;<\/p>\n<h3>Licencia federativa 2023<\/h3>\n<p><img loading=\"lazy\" decoding=\"async\" class=\"aligncenter wp-image-18245 size-medium\" src=\"https:\/\/www.carlosyconchita.net\/rutas\/wp-content\/uploads\/2023\/02\/Licencia-2023-300x189.jpg\" alt=\"\" width=\"300\" height=\"189\" srcset=\"https:\/\/www.carlosyconchita.net\/rutas\/wp-content\/uploads\/2023\/02\/Licencia-2023-300x189.jpg 300w, https:\/\/www.carlosyconchita.net\/rutas\/wp-content\/uploads\/2023\/02\/Licencia-2023-600x378.jpg 600w, https:\/\/www.carlosyconchita.net\/rutas\/wp-content\/uploads\/2023\/02\/Licencia-2023-768x484.jpg 768w, https:\/\/www.carlosyconchita.net\/rutas\/wp-content\/uploads\/2023\/02\/Licencia-2023.jpg 1024w\" sizes=\"auto, (max-width: 300px) 100vw, 300px\" \/><\/p>\n<h3><\/h3>\n<h3>Licencia federativa 2022<\/h3>\n<p><img loading=\"lazy\" decoding=\"async\" class=\"size-medium aligncenter\" src=\"https:\/\/lh3.googleusercontent.com\/uIyLhPkTT0wF9MbOzfrb3QzmXRhNxzDSKao7jKlGvjPbRwMQQ_rCvITPRQ4zqKoL3TRwSNq6yBooLYw___xP8iCRkuMOUpfO6HBaReimChgEtVqRJkW-vo525_TK0ue0ZlGQpE32W4tFvNPtTyoJ8RW2TffklEZrJ6F1hNG2pLEX-FqeBC8aEJhloty5WgCt0SZXbGJyjCCSdYwoSBXpfP28xxtyXmMz9WzTxsySCPOikUVGd4nG2uxCdiw3SY332DUAA2l7sNy4T4EMIsjbk-TPHp38FnFt-JvDCYO6hxaUscfrZBSYOPGwPXAThG5xiuXr0Zemzf4cslFDIIk5zBcAyrreLSz4Iq0bL6l3cX2L5ST2S5NFWDiAZXI5wwotWmuXDCU7V3C1jk5N2cvJzdsTds7YJyPY0yIjCBOzyKL7ZPe1axhFenIbYdgHnKkLQgFrbW7uT5zozw8ZR4j_Ik8BL5CiqyHvWKvjUoEuZwCrLoGBFNEYJrlLjSOJdkG-Gj_oYp-kMeCseMWIrjjR2wlqrRZvX3pYpd4eENVLu9nSGG6flwLjOzo8huKFMv95ZV3iFLKN0kPFwlIz8oU_pM7whwIg2a3ii472AiM4Ce_YHUcOZTw2zXuZv2D0rVd5ijdC53W_0Lf4Mxo-ai88fBo4rXYA5mL74BYxUEOVknujQLjKpOUt3okCr054I-R39G0Glddi_BHNyym6FMaoV2o5EWOICNNrTeU5E0MjSXdaG0Av45Me9NP5v_XyD4o=w331-h210-no?authuser=0\" width=\"331\" height=\"210\" \/><\/p>\n<h3><\/h3>\n<h3>Licencia federativa 2021<\/h3>\n<p><img loading=\"lazy\" decoding=\"async\" class=\"aligncenter\" src=\"https:\/\/lh3.googleusercontent.com\/4PHWNxAPonO9SYzFVvq2FWz2hNZpoSA0fz0TaA8Vnv48HfWGCc_wAP9WZ3lGYMaR1F0gXvXXt3-UYaZ_irU-O2geTl2o13UVbH4MAnZ8oEhPfTuazkjg7j7M2qZKaWXF3Szdau7V--6qv3aw9qOLyG78LL007fKh4iWFyL-f7WSN_i7_Rq65efHDjq_YJPOyxNVBfOBLs0TeLiJlS2-FnQRlxY3Ah0FiYAg8lVQr_nBHcsK57G658v8dFuNNzx--xsU5EfLRg5yl6fG7HlxM53bPK4_ElI7V05eJ11_o0x9whrxzXZAk2uPMgKJxYm9DHs2R-d0tJ8TJI7g5dH8MqOF4-SACZA9GbOUkyH_tCOCvWHeIgawk-fcGuGAjlYa_w7cIa5eGfoiD4335bPz5SzFDOiSRoEa_FdLJpzzzUOf5i_fJA2MygS9G_AUcdVW7p_betaOKOQ9EMI8XAVzimjGLmaOtUui554iJAs8u7HJ_CsX7js3lrDRUyr5xp-DgHlTzoMV0U74BBtj5bOsjaTGRw_cio99eWap668_J6Puc-0OsuvnvzvyOhwS8e_jY6BTSdJyPCBIy0buAIejRcEkk1dqs4BheTWvjAV9tIrUDV3W25G9yhQMc0taICp9-7UtnI8xydKo6kiRkJ0Q5ZrpsoUjZu_7s8qQGkHjLGHoHs85hTBWoXhOvV4uMtdg=w799-h509-no?authuser=0\" alt=\"\" width=\"314\" height=\"200\" \/><\/p>\n<h3><\/h3>\n<h3>Licencia federativa 2020<\/h3>\n<h3><img loading=\"lazy\" decoding=\"async\" class=\" aligncenter\" src=\"https:\/\/lh3.googleusercontent.com\/ENjQuqYRUdrIM9Ub4OISxJyziH9BcqwHsQasQ2fhicmUsbKugOn7Mka14pYTk38M0Q6eC0i7bDddTZkp8NZlimOefs-605xgwnIrYjkYWnKjVz7H-4tgwXBW5Q7IwUTLGvIPnTOn7xe-NHfhW_BW1GPaKcBc0h8SJ0XkbXfeZcA3AwnN23CWYT3E6xf0sqixN29pWDTqs3N4QRRPHgMDhdpQlm2U44XQlLxTBzkbLYq6YZAqxotaQLOYpXffux7mTa76ASn2kfv4A2B-moAOOHnEXjUpnymAVZHWlq6wMIGevuFD6TJJp51R_8TGgR9NKuuTL3oeYHsnH8FPLm2ubMv1trmlj5L2JKe2n91mqfCVIomv3jGx4Zs5Y_qhXbrMhmtpoqUMYRTRs3qr3jdg6HbVCIcyDZUlJ1ZGVoDRxFEo1Zd-MehLbHn07AhsbBSH-goZf9clJZwoRhxzv78GFVYES65Uwo-TLSjRbfeLOouJDXWNmPCoYXqyjwXY9wRxtvDcd_vDEIhJ3zJ3hzVNyrcdIr1YCtE-Cz8pOJ7gTLXKDpIadqgMgzNFosnooHV9SABMW3hcI0kmCAQZ0ASTKqi_8Piy4P0QERU7rVkNT78OFJ3CVDXJOE8inbwELbvBEZlt2WAWRNUW-F0TfOwm0WONxYL_RegTS8zeFnIpuAwAxteSLOEJB2KQKRqU-7U=w511-h321-no?authuser=0\" width=\"315\" height=\"198\" \/><\/h3>\n<h3><\/h3>\n<h3><\/h3>\n<h3>Licencia federativa 2019<\/h3>\n<h3><\/h3>\n<h3><img loading=\"lazy\" decoding=\"async\" class=\"size-full aligncenter\" src=\"https:\/\/lh3.googleusercontent.com\/C1knpfMK9fRvZKZ1G43_1BcNhfLAcqdNebClLJHBCutPTj4qmrp0TrZg69J4UmcEeYUrDQRuIw7AcU-9XlFx3GDgyiBWu6fxC2yO5juwZxgPj04KfwmYF2kRj4cL8sWJHb_LQBSqd3ITVznNVAhnNkQUXtRw1on8v6oJNB7DkjBPAbCFLq5W-boaLH9ElhxPEpaOgCbWK7hgPY6dfTahfkGW8a3tG3S4Ia1lwlA4QcQR1POysO2jHfO0feFB0xktD5dCBy1zXIsPEnELQItvfwV--PXs7MPCvrF2_WUhn1KkRbAW01leZ9T5uIQcpefEQWH8X5VklJlM37nvQ5KUOqBjoJzwPuGqabfE9selNf2usBvWocL-WcelsP-nF6irfMtlV5TEyaforn0Zwd1oBLnF1k03P8yZQeXYjXLvhaC9r95DsG3srM7vph5ADZ67pETWD4AZWuQsO61IYwr4lptb74066pfZCMheZ2PDnPWcw-6_yltUFLMmUqPReiFQWoG2HdI_W9dCt_WsV_WSUj8BvG1JKtTD6HPDVJz5JtcgL7DcH-u0tczcWQdH8EwbiqHWwQMjXMn7l6t5UiH1pBl2vPWtPUCMFZ6zK9ZhQYJI2XZuXKCNN0DV3949yG9m3qExA2LMW4TSSlAfA05HRqfZ3w=w313-h200-no\" width=\"313\" height=\"200\" \/><\/h3>\n<h3><\/h3>\n<h3>Licencia federativa 2018<\/h3>\n<p><img loading=\"lazy\" decoding=\"async\" class=\"size-full aligncenter\" src=\"https:\/\/lh3.googleusercontent.com\/LFJzRxhf5EPHlypxaVFqzCVh-H-X1OOqOPu0VYcrSKYe38H9dUpSOf4BSUQOlKrKKbiBiPDfkvxYXb0aDT-CCE2TKBv3fi3EZ7_CNvjc3NQytVLsBaLBlkPtLHwxSRFiN1A3AmG6EZpL7OQwc1Zk3S2safE-VyWIWMr6wJWaWOza4WP7NIycZ9J9_jpJZ7fPgW_zTCYhLOHWNafcEYTBVcmELDfl6FghmnYIk_Bt6EppgJyaLVFe_feMZUJ5MvnSFSNAqWZquXmnBYmGC3uwSS4GgxFzOMeLqCdPBfLYYmkf4Sld-3B1SCqcvJf_4WsBNdNtpUlXHOITyVy4HxLvDqAI04XyCRXHrJevno5HQXnP8rDKtFUpMfvjKQ--V0q4dPLxZu1Nq5Qahhk6rVL9bL_hVHQTuicBteUhNfZJ6k853RW5R_-F8lAa6vRtbal1B3irz51czkLoMXgR0kQxG3Yg_RpK0UcKteS1kDuDXbWeOyeC64Mm6UxQRkTW4KVnTypOPUjhdE7MNENLdbyocXfipguPlvRbHuxk43Og3Wv-YnyxscQJTaa9AkKfnddnTvhlD9cQuSt3vHk8ByYydHjM6AU1HciBa6A2NrbVbc4N-7Bn0P15T3bv-O8KUFFuLyNmibIbgpTuidOU-OblNE5X4-_GtLnpU-ytk6qIKr8sFP9tMTAHkIk5c3pmnv8=w320-h201-no?authuser=0\" width=\"320\" height=\"201\" \/><\/p>\n<p>&nbsp;<\/p>\n<p>&nbsp;<\/p>\n<hr \/>\n<h3>Licencia federativa 2017<\/h3>\n<p><img loading=\"lazy\" decoding=\"async\" class=\"size-full aligncenter\" src=\"https:\/\/lh3.googleusercontent.com\/IbPTlW91LfteMpfNloUO2nYylj9BLWBLSj7PQzQ69V9Dfa06oNwYYfVDZFPIcsVRdo6gl98BAWsOp14BV6tfbkTKuuy078Gdudz6vXZedEvq7jcaBkTZz_Qx65cLHGradi9DRQLi4ZMzuVmoYYyS5_j2QycD9dnH3H-o-u8pCxs699Fr0Qh33Z_MtV3PWLXDemtUJWi_Ana2ZbpJuos6FXvRsau8arin9A59deMVI5_EV8njY27XQ7S7601DeEDH_cU84QCZ5qebpa0VSdWGY1PMxVuwCF-Mx_Y4uGDWCVSBHdENG7Qwza_U7eTVWyApXl1GVLtqyzFYLvX_bGmHt2fe8lLXzA5u0PEEKz9h4AzN2gxpQNakKU5Xi8_M3_wBzl3wtUaF4DLtYkmI7XlEQH9pISOpAF3-yvpqL0au7r6UlM-vuuxJH_9jTFYxZLgBji0LEpZmoXxy4qQyxLZtnksH32IzyWXO7OoTIFg8PEIXzlDYCjvQ_kOwZe3ZGt6TsBQsfsBDgIg8zi2KH4CKnFxekpuk1g4irIxgX364AnZVISg7G6A2cTtNKY9hq62nFXEEF9n1jIp8QdF1SocJMTExf4bj_wO6MWSbwoJtWnqAciwORCM-qokHGWujJfJP2cGbZUv_KcAB0crrrUysC0fzk1BD7XSaUEi4K_5TqlVof04ZbgwVnkXEuIdssZM=w320-h207-no?authuser=0\" width=\"320\" height=\"207\" \/><\/p>\n<p>&nbsp;<\/p>\n<hr \/>\n<h3 style=\"text-align: justify;\">Licencia federativa 2016<\/h3>\n<p><img loading=\"lazy\" decoding=\"async\" class=\"size-medium wp-image-21677 aligncenter\" src=\"https:\/\/www.carlosyconchita.net\/rutas\/wp-content\/uploads\/2026\/03\/fede-2016-300x191.jpg\" alt=\"\" width=\"300\" height=\"191\" srcset=\"https:\/\/www.carlosyconchita.net\/rutas\/wp-content\/uploads\/2026\/03\/fede-2016-300x191.jpg 300w, https:\/\/www.carlosyconchita.net\/rutas\/wp-content\/uploads\/2026\/03\/fede-2016-600x382.jpg 600w, https:\/\/www.carlosyconchita.net\/rutas\/wp-content\/uploads\/2026\/03\/fede-2016.jpg 653w\" sizes=\"auto, (max-width: 300px) 100vw, 300px\" \/><\/p>\n<p>&nbsp;<\/p>\n<hr \/>\n<h3 style=\"text-align: justify;\">\u00a0Licencia federativa 2015<\/h3>\n<p style=\"text-align: justify;\"><img loading=\"lazy\" decoding=\"async\" class=\"size-medium wp-image-21678 aligncenter\" src=\"https:\/\/www.carlosyconchita.net\/rutas\/wp-content\/uploads\/2026\/03\/fede-2015-300x196.jpg\" alt=\"\" width=\"300\" height=\"196\" srcset=\"https:\/\/www.carlosyconchita.net\/rutas\/wp-content\/uploads\/2026\/03\/fede-2015-300x196.jpg 300w, https:\/\/www.carlosyconchita.net\/rutas\/wp-content\/uploads\/2026\/03\/fede-2015-600x391.jpg 600w, https:\/\/www.carlosyconchita.net\/rutas\/wp-content\/uploads\/2026\/03\/fede-2015-768x501.jpg 768w, https:\/\/www.carlosyconchita.net\/rutas\/wp-content\/uploads\/2026\/03\/fede-2015.jpg 1008w\" sizes=\"auto, (max-width: 300px) 100vw, 300px\" \/><\/p>\n<hr \/>\n<h3 style=\"text-align: justify;\">\u00a0Licencia federativa 2014<\/h3>\n<p><img loading=\"lazy\" decoding=\"async\" class=\"size-medium wp-image-21679 aligncenter\" src=\"https:\/\/www.carlosyconchita.net\/rutas\/wp-content\/uploads\/2026\/03\/licencia2014-300x197.jpg\" alt=\"\" width=\"300\" height=\"197\" srcset=\"https:\/\/www.carlosyconchita.net\/rutas\/wp-content\/uploads\/2026\/03\/licencia2014-300x197.jpg 300w, https:\/\/www.carlosyconchita.net\/rutas\/wp-content\/uploads\/2026\/03\/licencia2014-600x393.jpg 600w, https:\/\/www.carlosyconchita.net\/rutas\/wp-content\/uploads\/2026\/03\/licencia2014-768x503.jpg 768w, https:\/\/www.carlosyconchita.net\/rutas\/wp-content\/uploads\/2026\/03\/licencia2014.jpg 1065w\" sizes=\"auto, (max-width: 300px) 100vw, 300px\" \/><\/p>\n<p>&nbsp;<\/p>\n<hr \/>\n<h3 style=\"text-align: justify;\">\u00a0Licencia federativa 2013<\/h3>\n<p><img loading=\"lazy\" decoding=\"async\" class=\"aligncenter wp-image-21680 size-medium\" src=\"https:\/\/www.carlosyconchita.net\/rutas\/wp-content\/uploads\/2026\/03\/licencia2013-300x197.jpg\" alt=\"\" width=\"300\" height=\"197\" srcset=\"https:\/\/www.carlosyconchita.net\/rutas\/wp-content\/uploads\/2026\/03\/licencia2013-300x197.jpg 300w, https:\/\/www.carlosyconchita.net\/rutas\/wp-content\/uploads\/2026\/03\/licencia2013-600x393.jpg 600w, https:\/\/www.carlosyconchita.net\/rutas\/wp-content\/uploads\/2026\/03\/licencia2013-768x503.jpg 768w, https:\/\/www.carlosyconchita.net\/rutas\/wp-content\/uploads\/2026\/03\/licencia2013.jpg 1065w\" sizes=\"auto, (max-width: 300px) 100vw, 300px\" \/><\/p>\n<p>&nbsp;<\/p>\n<hr \/>\n<p>&nbsp;<\/p>\n<p>&nbsp;<\/p>\n","protected":false},"excerpt":{"rendered":"<p>\u00a0 Actualizaci\u00f3n abril-2016 En el a\u00f1o 2015 vimos por casualidad el primer moj\u00f3n o borna de la frontera hispano-francesa, y el en 2016 empezamos a buscar los que ten\u00edamos cerca de nuestro apartamente en la Cerdanya Francesa, con la idea de buscar todos los de esta zona. Posteriormente ampliamos la b\u00fasqueda a la provincia de [&hellip;]<\/p>\n","protected":false},"author":50,"featured_media":0,"parent":0,"menu_order":0,"comment_status":"open","ping_status":"open","template":"templates\/template-full.php","meta":{"footnotes":""},"class_list":["post-37","page","type-page","status-publish","hentry","post"],"yoast_head":"<!-- This site is optimized with the Yoast SEO plugin v27.4 - https:\/\/yoast.com\/product\/yoast-seo-wordpress\/ -->\n<title>Nosotros - Las rutas de Carlos y Conchita<\/title>\n<meta name=\"robots\" content=\"index, follow, max-snippet:-1, max-image-preview:large, max-video-preview:-1\" \/>\n<link rel=\"canonical\" href=\"https:\/\/www.carlosyconchita.net\/rutas\/pagina-de-inicio\/\" \/>\n<meta property=\"og:locale\" content=\"es_ES\" \/>\n<meta property=\"og:type\" content=\"article\" \/>\n<meta property=\"og:title\" content=\"Nosotros - Las rutas de Carlos y Conchita\" \/>\n<meta property=\"og:description\" content=\"\u00a0 Actualizaci\u00f3n abril-2016 En el a\u00f1o 2015 vimos por casualidad el primer moj\u00f3n o borna de la frontera hispano-francesa, y el en 2016 empezamos a buscar los que ten\u00edamos cerca de nuestro apartamente en la Cerdanya Francesa, con la idea de buscar todos los de esta zona. Posteriormente ampliamos la b\u00fasqueda a la provincia de [&hellip;]\" \/>\n<meta property=\"og:url\" content=\"https:\/\/www.carlosyconchita.net\/rutas\/pagina-de-inicio\/\" \/>\n<meta property=\"og:site_name\" content=\"Las rutas de Carlos y Conchita\" \/>\n<meta property=\"article:modified_time\" content=\"2026-03-02T15:09:34+00:00\" \/>\n<meta property=\"og:image\" content=\"https:\/\/www.carlosyconchita.net\/rutas\/wp-content\/uploads\/2012\/09\/DSC04413.jpg\" \/>\n\t<meta property=\"og:image:width\" content=\"441\" \/>\n\t<meta property=\"og:image:height\" content=\"440\" \/>\n\t<meta property=\"og:image:type\" content=\"image\/jpeg\" \/>\n<meta name=\"twitter:label1\" content=\"Tiempo de lectura\" \/>\n\t<meta name=\"twitter:data1\" content=\"6 minutos\" \/>\n<script type=\"application\/ld+json\" class=\"yoast-schema-graph\">{\"@context\":\"https:\\\/\\\/schema.org\",\"@graph\":[{\"@type\":\"WebPage\",\"@id\":\"https:\\\/\\\/www.carlosyconchita.net\\\/rutas\\\/pagina-de-inicio\\\/\",\"url\":\"https:\\\/\\\/www.carlosyconchita.net\\\/rutas\\\/pagina-de-inicio\\\/\",\"name\":\"Nosotros - Las rutas de Carlos y Conchita\",\"isPartOf\":{\"@id\":\"https:\\\/\\\/www.carlosyconchita.net\\\/rutas\\\/#website\"},\"primaryImageOfPage\":{\"@id\":\"https:\\\/\\\/www.carlosyconchita.net\\\/rutas\\\/pagina-de-inicio\\\/#primaryimage\"},\"image\":{\"@id\":\"https:\\\/\\\/www.carlosyconchita.net\\\/rutas\\\/pagina-de-inicio\\\/#primaryimage\"},\"thumbnailUrl\":\"http:\\\/\\\/www.carlosyconchita.net\\\/rutas\\\/wp-content\\\/uploads\\\/2012\\\/09\\\/DSC04413-150x150.jpg\",\"datePublished\":\"2012-09-01T17:08:46+00:00\",\"dateModified\":\"2026-03-02T15:09:34+00:00\",\"breadcrumb\":{\"@id\":\"https:\\\/\\\/www.carlosyconchita.net\\\/rutas\\\/pagina-de-inicio\\\/#breadcrumb\"},\"inLanguage\":\"es\",\"potentialAction\":[{\"@type\":\"ReadAction\",\"target\":[\"https:\\\/\\\/www.carlosyconchita.net\\\/rutas\\\/pagina-de-inicio\\\/\"]}]},{\"@type\":\"ImageObject\",\"inLanguage\":\"es\",\"@id\":\"https:\\\/\\\/www.carlosyconchita.net\\\/rutas\\\/pagina-de-inicio\\\/#primaryimage\",\"url\":\"http:\\\/\\\/www.carlosyconchita.net\\\/rutas\\\/wp-content\\\/uploads\\\/2012\\\/09\\\/DSC04413-150x150.jpg\",\"contentUrl\":\"http:\\\/\\\/www.carlosyconchita.net\\\/rutas\\\/wp-content\\\/uploads\\\/2012\\\/09\\\/DSC04413-150x150.jpg\"},{\"@type\":\"BreadcrumbList\",\"@id\":\"https:\\\/\\\/www.carlosyconchita.net\\\/rutas\\\/pagina-de-inicio\\\/#breadcrumb\",\"itemListElement\":[{\"@type\":\"ListItem\",\"position\":1,\"name\":\"Portada\",\"item\":\"https:\\\/\\\/www.carlosyconchita.net\\\/rutas\\\/\"},{\"@type\":\"ListItem\",\"position\":2,\"name\":\"Nosotros\"}]},{\"@type\":\"WebSite\",\"@id\":\"https:\\\/\\\/www.carlosyconchita.net\\\/rutas\\\/#website\",\"url\":\"https:\\\/\\\/www.carlosyconchita.net\\\/rutas\\\/\",\"name\":\"Las rutas de Carlos y Conchita\",\"description\":\"\",\"potentialAction\":[{\"@type\":\"SearchAction\",\"target\":{\"@type\":\"EntryPoint\",\"urlTemplate\":\"https:\\\/\\\/www.carlosyconchita.net\\\/rutas\\\/?s={search_term_string}\"},\"query-input\":{\"@type\":\"PropertyValueSpecification\",\"valueRequired\":true,\"valueName\":\"search_term_string\"}}],\"inLanguage\":\"es\"}]}<\/script>\n<!-- \/ Yoast SEO plugin. -->","yoast_head_json":{"title":"Nosotros - Las rutas de Carlos y Conchita","robots":{"index":"index","follow":"follow","max-snippet":"max-snippet:-1","max-image-preview":"max-image-preview:large","max-video-preview":"max-video-preview:-1"},"canonical":"https:\/\/www.carlosyconchita.net\/rutas\/pagina-de-inicio\/","og_locale":"es_ES","og_type":"article","og_title":"Nosotros - Las rutas de Carlos y Conchita","og_description":"\u00a0 Actualizaci\u00f3n abril-2016 En el a\u00f1o 2015 vimos por casualidad el primer moj\u00f3n o borna de la frontera hispano-francesa, y el en 2016 empezamos a buscar los que ten\u00edamos cerca de nuestro apartamente en la Cerdanya Francesa, con la idea de buscar todos los de esta zona. Posteriormente ampliamos la b\u00fasqueda a la provincia de [&hellip;]","og_url":"https:\/\/www.carlosyconchita.net\/rutas\/pagina-de-inicio\/","og_site_name":"Las rutas de Carlos y Conchita","article_modified_time":"2026-03-02T15:09:34+00:00","og_image":[{"width":441,"height":440,"url":"https:\/\/www.carlosyconchita.net\/rutas\/wp-content\/uploads\/2012\/09\/DSC04413.jpg","type":"image\/jpeg"}],"twitter_misc":{"Tiempo de lectura":"6 minutos"},"schema":{"@context":"https:\/\/schema.org","@graph":[{"@type":"WebPage","@id":"https:\/\/www.carlosyconchita.net\/rutas\/pagina-de-inicio\/","url":"https:\/\/www.carlosyconchita.net\/rutas\/pagina-de-inicio\/","name":"Nosotros - Las rutas de Carlos y Conchita","isPartOf":{"@id":"https:\/\/www.carlosyconchita.net\/rutas\/#website"},"primaryImageOfPage":{"@id":"https:\/\/www.carlosyconchita.net\/rutas\/pagina-de-inicio\/#primaryimage"},"image":{"@id":"https:\/\/www.carlosyconchita.net\/rutas\/pagina-de-inicio\/#primaryimage"},"thumbnailUrl":"http:\/\/www.carlosyconchita.net\/rutas\/wp-content\/uploads\/2012\/09\/DSC04413-150x150.jpg","datePublished":"2012-09-01T17:08:46+00:00","dateModified":"2026-03-02T15:09:34+00:00","breadcrumb":{"@id":"https:\/\/www.carlosyconchita.net\/rutas\/pagina-de-inicio\/#breadcrumb"},"inLanguage":"es","potentialAction":[{"@type":"ReadAction","target":["https:\/\/www.carlosyconchita.net\/rutas\/pagina-de-inicio\/"]}]},{"@type":"ImageObject","inLanguage":"es","@id":"https:\/\/www.carlosyconchita.net\/rutas\/pagina-de-inicio\/#primaryimage","url":"http:\/\/www.carlosyconchita.net\/rutas\/wp-content\/uploads\/2012\/09\/DSC04413-150x150.jpg","contentUrl":"http:\/\/www.carlosyconchita.net\/rutas\/wp-content\/uploads\/2012\/09\/DSC04413-150x150.jpg"},{"@type":"BreadcrumbList","@id":"https:\/\/www.carlosyconchita.net\/rutas\/pagina-de-inicio\/#breadcrumb","itemListElement":[{"@type":"ListItem","position":1,"name":"Portada","item":"https:\/\/www.carlosyconchita.net\/rutas\/"},{"@type":"ListItem","position":2,"name":"Nosotros"}]},{"@type":"WebSite","@id":"https:\/\/www.carlosyconchita.net\/rutas\/#website","url":"https:\/\/www.carlosyconchita.net\/rutas\/","name":"Las rutas de Carlos y Conchita","description":"","potentialAction":[{"@type":"SearchAction","target":{"@type":"EntryPoint","urlTemplate":"https:\/\/www.carlosyconchita.net\/rutas\/?s={search_term_string}"},"query-input":{"@type":"PropertyValueSpecification","valueRequired":true,"valueName":"search_term_string"}}],"inLanguage":"es"}]}},"_links":{"self":[{"href":"https:\/\/www.carlosyconchita.net\/rutas\/wp-json\/wp\/v2\/pages\/37","targetHints":{"allow":["GET"]}}],"collection":[{"href":"https:\/\/www.carlosyconchita.net\/rutas\/wp-json\/wp\/v2\/pages"}],"about":[{"href":"https:\/\/www.carlosyconchita.net\/rutas\/wp-json\/wp\/v2\/types\/page"}],"author":[{"embeddable":true,"href":"https:\/\/www.carlosyconchita.net\/rutas\/wp-json\/wp\/v2\/users\/50"}],"replies":[{"embeddable":true,"href":"https:\/\/www.carlosyconchita.net\/rutas\/wp-json\/wp\/v2\/comments?post=37"}],"version-history":[{"count":4,"href":"https:\/\/www.carlosyconchita.net\/rutas\/wp-json\/wp\/v2\/pages\/37\/revisions"}],"predecessor-version":[{"id":21674,"href":"https:\/\/www.carlosyconchita.net\/rutas\/wp-json\/wp\/v2\/pages\/37\/revisions\/21674"}],"wp:attachment":[{"href":"https:\/\/www.carlosyconchita.net\/rutas\/wp-json\/wp\/v2\/media?parent=37"}],"curies":[{"name":"wp","href":"https:\/\/api.w.org\/{rel}","templated":true}]}}